{"id":3,"date":"2024-12-16T16:54:26","date_gmt":"2024-12-16T16:54:26","guid":{"rendered":"https:\/\/artlinecreation.com\/germany\/?page_id=3"},"modified":"2024-12-20T19:22:23","modified_gmt":"2024-12-20T19:22:23","slug":"privacy-policy","status":"publish","type":"page","link":"https:\/\/artlinecreation.com\/germany\/privacy-policy\/","title":{"rendered":"Privacy Policy"},"content":{"rendered":"\t\t<div data-elementor-type=\"wp-page\" data-elementor-id=\"3\" class=\"elementor elementor-3\">\n\t\t\t\t<div class=\"elementor-element elementor-element-1effc014 e-flex e-con-boxed e-con e-parent\" data-id=\"1effc014\" data-element_type=\"container\">\n\t\t\t\t\t<div class=\"e-con-inner\">\n\t\t\t\t<div class=\"elementor-element elementor-element-3f683769 elementor-widget elementor-widget-text-editor\" data-id=\"3f683769\" data-element_type=\"widget\" data-widget_type=\"text-editor.default\">\n\t\t\t\t<div class=\"elementor-widget-container\">\n\t\t\t\t\t\t\t\t\t<p>Wir sch\u00e4tzen das Vertrauen, das Sie in uns setzen, und erkennen die Bedeutung sicherer Transaktionen und des Schutzes Ihrer pers\u00f6nlichen Daten an. Diese Datenschutzrichtlinie beschreibt, wie Artline Creation und seine Partner Ihre pers\u00f6nlichen Daten \u00fcber die Website <a href=\"http:\/\/www.artlinecreation.com\" target=\"_new\" rel=\"noopener\">www.artlinecreation.com<\/a> und die mobile Website (im Folgenden \u201ePlattform\u201c genannt) erheben, nutzen, teilen oder anderweitig verarbeiten.<\/p>\n<p>W\u00e4hrend Sie bestimmte Abschnitte der Plattform ohne Registrierung durchsuchen k\u00f6nnen, beachten Sie bitte, dass wir unter dieser Plattform keine Produkte oder Dienstleistungen au\u00dferhalb Indiens anbieten. Ihre pers\u00f6nlichen Daten werden haupts\u00e4chlich in Indien gespeichert und verarbeitet, wo andere Datenschutzgesetze gelten k\u00f6nnen als in dem Land, in dem Sie sich befinden. Durch den Besuch dieser Plattform, die Bereitstellung Ihrer Informationen oder die Nutzung unserer Produkte\/Dienstleistungen erkl\u00e4ren Sie sich ausdr\u00fccklich mit den Bedingungen dieser Datenschutzrichtlinie, den Nutzungsbedingungen und den geltenden Service-\/Produktbedingungen einverstanden und stimmen zu, den Gesetzen Indiens zu unterliegen, einschlie\u00dflich, aber nicht beschr\u00e4nkt auf die Datenschutzgesetze. Wenn Sie nicht einverstanden sind, verwenden oder greifen Sie bitte nicht auf unsere Plattform zu.<\/p>\n<hr \/>\n<h4><strong>Sammlung Ihrer Informationen<\/strong><\/h4>\n<p>Wenn Sie unsere Plattform nutzen, erheben und speichern wir die von Ihnen bereitgestellten Informationen von Zeit zu Zeit. Im Allgemeinen k\u00f6nnen Sie die Plattform durchsuchen, ohne uns mitzuteilen, wer Sie sind oder pers\u00f6nliche Informationen offenzulegen. Sobald Sie uns Ihre pers\u00f6nlichen Daten zur Verf\u00fcgung stellen, sind Sie f\u00fcr uns nicht mehr anonym. Wo m\u00f6glich, geben wir an, welche Felder erforderlich und welche optional sind. Sie haben immer die M\u00f6glichkeit, keine Informationen bereitzustellen, indem Sie sich entscheiden, einen bestimmten Service, ein Produkt oder eine Funktion auf der Plattform nicht zu nutzen.<\/p>\n<p>Wir k\u00f6nnen Ihr Kaufverhalten, Ihre Vorlieben und andere Informationen, die Sie auf unserer Plattform angeben, nachverfolgen. Diese Informationen nutzen wir, um interne Untersuchungen zu den demografischen Merkmalen, Interessen und Verhaltensweisen unserer Nutzer durchzuf\u00fchren, um sie besser zu verstehen, zu sch\u00fctzen und zu bedienen. Diese Informationen werden auf aggregierter Basis zusammengefasst und analysiert. Diese Informationen k\u00f6nnen die URL enthalten, von der Sie gerade gekommen sind (unabh\u00e4ngig davon, ob diese URL auf unserer Plattform ist oder nicht), welche URL Sie als N\u00e4chstes besuchen (unabh\u00e4ngig davon, ob diese URL auf unserer Plattform ist oder nicht), Ihre Computerbrowser-Informationen und Ihre IP-Adresse.<\/p>\n<hr \/>\n<h4><strong>Verwendung von demografischen Daten\/Profilinformationen\/Ihren Informationen<\/strong><\/h4>\n<p>Wir verwenden Ihre pers\u00f6nlichen Daten, um die von Ihnen angeforderten Produkte und Dienstleistungen bereitzustellen. Soweit wir Ihre pers\u00f6nlichen Daten f\u00fcr Marketingzwecke verwenden, bieten wir Ihnen die M\u00f6glichkeit, sich von solchen Verwendungen abzumelden. Wir verwenden Ihre pers\u00f6nlichen Daten, um Artline Creation und Gesch\u00e4ftspartner bei der Bearbeitung und Erf\u00fcllung von Bestellungen zu unterst\u00fctzen, die Kundenerfahrung zu verbessern, Streitigkeiten zu l\u00f6sen, Probleme zu beheben, einen sicheren Service zu f\u00f6rdern, Zahlungen zu sammeln, das Interesse der Verbraucher an unseren Produkten und Dienstleistungen zu messen, Sie \u00fcber Online- und Offline-Angebote zu informieren, Produkte, Dienstleistungen und Aktualisierungen anzupassen und zu verbessern, Fehler, Betrug und andere kriminelle Aktivit\u00e4ten zu erkennen und zu verhindern sowie um unsere Gesch\u00e4ftsbedingungen durchzusetzen.<\/p>\n<hr \/>\n<h4><strong>Cookies<\/strong><\/h4>\n<p>Wir verwenden Datenerfassungsger\u00e4te wie \u201eCookies\u201c auf bestimmten Seiten der Plattform, um den Webseitenfluss zu analysieren, die Wirksamkeit von Werbema\u00dfnahmen zu messen und Vertrauen und Sicherheit zu f\u00f6rdern. Cookies enthalten keine Ihrer pers\u00f6nlichen Informationen.<\/p>\n<hr \/>\n<h4><strong>Sicherheit und Datenschutz<\/strong><\/h4>\n<p>Wir halten angemessene physische, elektronische und verfahrensbezogene Schutzma\u00dfnahmen ein, um Ihre Informationen zu sch\u00fctzen. Benutzer sind daf\u00fcr verantwortlich, ihre Anmeldedaten und Passwortaufzeichnungen f\u00fcr ihr Konto zu sch\u00fctzen.<\/p>\n<hr \/>\n<h4><strong>Kontaktinformationen<\/strong><\/h4>\n<p><strong>Beschwerdebeauftragter<\/strong><br \/>Herr Vikram Jain<br \/>Artline Creation<br \/>Jangi Rd, Natwa, Rd, Saket Puri Colony, Mirzapur-231001, Uttar Pradesh, Indien<\/p>\n<p><strong>E-Mail:<\/strong> <a rel=\"noopener\">vikramrkj@gmail.com<\/a><br \/><strong>Telefon:<\/strong> +91 98397 66200<\/p>\n<p><strong>Kundendienst:<\/strong><br \/>Senden Sie eine E-Mail an: <a rel=\"noopener\">vikramrkj@gmail.com<\/a><\/p>\n<hr \/>\n<p>Wenn Sie eine vollst\u00e4ndige \u00dcbersetzung oder spezifische Abschnitte ben\u00f6tigen, teilen Sie mir dies bitte mit.<\/p>\t\t\t\t\t\t\t\t<\/div>\n\t\t\t\t<\/div>\n\t\t\t\t\t<\/div>\n\t\t\t\t<\/div>\n\t\t\t\t<\/div>\n\t\t","protected":false},"excerpt":{"rendered":"<p>Wir sch\u00e4tzen das Vertrauen, das Sie in uns setzen, und erkennen die Bedeutung sicherer Transaktionen und des Schutzes Ihrer pers\u00f6nlichen Daten an. Diese Datenschutzrichtlinie beschreibt, wie Artline Creation und seine Partner Ihre pers\u00f6nlichen Daten \u00fcber die Website www.artlinecreation.com und die mobile Website (im Folgenden \u201ePlattform\u201c genannt) erheben, nutzen, teilen oder anderweitig verarbeiten. W\u00e4hrend Sie bestimmte [&hellip;]<\/p>\n","protected":false},"author":1,"featured_media":0,"parent":0,"menu_order":0,"comment_status":"closed","ping_status":"closed","template":"","meta":{"footnotes":""},"class_list":["post-3","page","type-page","status-publish","hentry"],"blocksy_meta":[],"_links":{"self":[{"href":"https:\/\/artlinecreation.com\/germany\/wp-json\/wp\/v2\/pages\/3","targetHints":{"allow":["GET"]}}],"collection":[{"href":"https:\/\/artlinecreation.com\/germany\/wp-json\/wp\/v2\/pages"}],"about":[{"href":"https:\/\/artlinecreation.com\/germany\/wp-json\/wp\/v2\/types\/page"}],"author":[{"embeddable":true,"href":"https:\/\/artlinecreation.com\/germany\/wp-json\/wp\/v2\/users\/1"}],"replies":[{"embeddable":true,"href":"https:\/\/artlinecreation.com\/germany\/wp-json\/wp\/v2\/comments?post=3"}],"version-history":[{"count":3,"href":"https:\/\/artlinecreation.com\/germany\/wp-json\/wp\/v2\/pages\/3\/revisions"}],"predecessor-version":[{"id":3424,"href":"https:\/\/artlinecreation.com\/germany\/wp-json\/wp\/v2\/pages\/3\/revisions\/3424"}],"wp:attachment":[{"href":"https:\/\/artlinecreation.com\/germany\/wp-json\/wp\/v2\/media?parent=3"}],"curies":[{"name":"wp","href":"https:\/\/api.w.org\/{rel}","templated":true}]}}