{"id":1372,"date":"2024-12-16T18:09:24","date_gmt":"2024-12-16T18:09:24","guid":{"rendered":"https:\/\/artlinecreation.com\/germany\/?post_type=product&#038;p=1372"},"modified":"2024-12-24T19:31:48","modified_gmt":"2024-12-24T19:31:48","slug":"amaya-purple-hand-woven-cotton-rug","status":"publish","type":"product","link":"https:\/\/artlinecreation.com\/germany\/product\/amaya-purple-hand-woven-cotton-rug\/","title":{"rendered":"Amaya Lila handgewebter Baumwollteppich"},"content":{"rendered":"<div class=\"flex-1 overflow-hidden @container\/thread\">\n<div class=\"h-full\">\n<div class=\"react-scroll-to-bottom--css -ugsry-79elbk h-full\">\n<div class=\"react-scroll-to-bottom--css-ugsry-1n7m0yu\">\n<div class=\"flex flex-col text-sm\">\n<article class=\"w-full scroll-mb-[var(--thread-trailing-height,150px)] text-token-text-primary focus-visible:outline-2 focus- sichtbar:outline-offset-[-4px]\" dir=\"auto\" data-testid=\"conversation-turn-43\" data-scroll-anchor=\"true\">\n<div class=\"m-auto text-base py-[18px] px-3 md:px-4 w-full md:px-5 lg:px-4 xl:px-5\">\n<div class=\"mx-auto flex flex -1 L\u00fccke-4 Textbasis md:l\u00fccke-5 lg:l\u00fccke-6 md:max-w-3xl lg:max-w-[40rem] xl:max-w-[48rem]\">\n<div class=\"group\/conversation-turn relative flex w-full min-w-0 flex-col agent-turn\">\n<div class =\"flex-col gap-1 md:gap-3\">\n<div class=\"flex max-w-full flex-col flex-grow\">\n<div class=\"min-h -8 SMS-Flex mit voller Flex-Spalte items-end L\u00fccke-2 Leerzeichen-normale Umbruchw\u00f6rter text-start [.text-message+&amp;]:mt-5\" dir=\"auto\" data-message-author-role=\"assistant\" data-message-id =\"662795de-c943-43ff-88a9-7281684efaa8\" data-message-model-slug=\"gpt-4o\">\n<div class=\"flex w-full flex-col gap-1 empty:hidden first:pt-[3px]\">\n<div class=\"markdown prose w-full break-words dark:prose-invert light\">\n<p>Der Amaya Purple Dhurrie aus der Woolen Rug Collection ist eine raffinierte Mischung aus modernem Design und traditionellen Webtechniken. Dieser aus hochwertiger Baumwolle handgewebte Flachgewebe-Teppich verf\u00fcgt \u00fcber einen beruhigenden Lila-Ton, der durch subtile lineare Muster akzentuiert wird und eine zarte Balance aus Eleganz und Schlichtheit schafft.<\/p>\n<p>Der Amaya ist ideal f\u00fcr Wohnzimmer, Schlafzimmer oder gem\u00fctliche Ecken Dhurrie verleiht Ihrer Einrichtung einen sanften Hauch von Farbe und Textur. Seine leichte Konstruktion sorgt f\u00fcr Langlebigkeit und einfache Wartung und macht ihn zu einer praktischen und dennoch stilvollen Wahl. Dieser Dhurrie spiegelt das Engagement von Artline Creation f\u00fcr indisch inspirierte Kunst und zeitgen\u00f6ssische \u00c4sthetik wider und bietet eine ruhige und vielseitige Erg\u00e4nzung zur Moderne H\u00e4user.<\/p>\n<\/div>\n<\/div>\n<\/div>\n<\/div>\n<\/div><\/div>\n<\/div>\n<\/div>\n<\/article>\n<\/div>\n<\/div>\n<\/div>\n<\/div>\n<\/div>\n","protected":false},"excerpt":{"rendered":"<p>Ein moderner flachgewebter Baumwoll-Dhurrie in sanften Lilat\u00f6nen mit dezenten Mustern, perfekt, um Innenr\u00e4umen eine ruhige Note zu verleihen.<\/p>\n","protected":false},"featured_media":1515,"comment_status":"closed","ping_status":"closed","template":"","meta":[],"product_brand":[],"product_cat":[16],"product_tag":[108],"class_list":{"0":"post-1372","1":"product","2":"type-product","3":"status-publish","4":"has-post-thumbnail","6":"product_cat-carpets-rugs","7":"product_tag-area-carpets-cotton-rug-carpets-home-textile-floor-covering","9":"first","10":"instock","11":"sold-individually","12":"shipping-taxable","13":"purchasable","14":"product-type-simple"},"_links":{"self":[{"href":"https:\/\/artlinecreation.com\/germany\/wp-json\/wp\/v2\/product\/1372","targetHints":{"allow":["GET"]}}],"collection":[{"href":"https:\/\/artlinecreation.com\/germany\/wp-json\/wp\/v2\/product"}],"about":[{"href":"https:\/\/artlinecreation.com\/germany\/wp-json\/wp\/v2\/types\/product"}],"replies":[{"embeddable":true,"href":"https:\/\/artlinecreation.com\/germany\/wp-json\/wp\/v2\/comments?post=1372"}],"wp:featuredmedia":[{"embeddable":true,"href":"https:\/\/artlinecreation.com\/germany\/wp-json\/wp\/v2\/media\/1515"}],"wp:attachment":[{"href":"https:\/\/artlinecreation.com\/germany\/wp-json\/wp\/v2\/media?parent=1372"}],"wp:term":[{"taxonomy":"product_brand","embeddable":true,"href":"https:\/\/artlinecreation.com\/germany\/wp-json\/wp\/v2\/product_brand?post=1372"},{"taxonomy":"product_cat","embeddable":true,"href":"https:\/\/artlinecreation.com\/germany\/wp-json\/wp\/v2\/product_cat?post=1372"},{"taxonomy":"product_tag","embeddable":true,"href":"https:\/\/artlinecreation.com\/germany\/wp-json\/wp\/v2\/product_tag?post=1372"}],"curies":[{"name":"wp","href":"https:\/\/api.w.org\/{rel}","templated":true}]}}