{"id":2357,"date":"2024-12-16T18:52:25","date_gmt":"2024-12-16T18:52:25","guid":{"rendered":"https:\/\/artlinecreation.com\/germany\/?post_type=product&#038;p=2357"},"modified":"2024-12-24T19:32:15","modified_gmt":"2024-12-24T19:32:15","slug":"jaal-ivory-hand-tufted-broadloom-roll-carpets","status":"publish","type":"product","link":"https:\/\/artlinecreation.com\/germany\/product\/jaal-ivory-hand-tufted-broadloom-roll-carpets\/","title":{"rendered":"Handgetuftete, elfenbeinfarbene Rollteppiche von Jaal"},"content":{"rendered":"<div class=\"flex-1 overflow-hidden @container\/thread\">\n<div class=\"h-full\">\n<div class=\"react-scroll-to-bottom--css -ztebt-79elbk h-full\">\n<div class=\"react-scroll-to-bottom--css-ztebt-1n7m0yu\">\n<div class=\"flex flex-col text-sm\">\n<article class=\"w-full scroll-mb-[var(--thread-trailing-height,150px)] text-token-text-primary focus-visible:outline-2 focus- sichtbar:outline-offset-[-4px]\" dir=\"auto\" data-testid=\"conversation-turn-9\" data-scroll-anchor=\"true\">\n<div class=\"m-auto text-base py-[18px] px-3 md:px-4 w-full md:px-5 lg:px-4 xl:px-5\">\n<div class=\"mx-auto flex flex -1 L\u00fccke-4 Textbasis md:l\u00fccke-5 lg:l\u00fccke-6 md:max-w-3xl lg:max-w-[40rem] xl:max-w-[48rem]\">\n<div class=\"group\/conversation-turn relative flex w-full min-w-0 flex-col agent-turn\">\n<div class =\"flex-col gap-1 md:gap-3\">\n<div class=\"flex max-w-full flex-col flex-grow\">\n<div class=\"min-h -8 SMS-Flex mit voller Flex-Spalte items-end L\u00fccke-2 Leerzeichen-normale Umbruchw\u00f6rter text-start [.text-message+&amp;]:mt-5\" dir=\"auto\" data-message-author-role=\"assistant\" data-message-id =\"f2fb08cb-936c-457a-8472-4f280f629020\" data-message-model-slug=\"gpt-4o\">\n<div class=\"flex w-full flex-col gap-1 empty:hidden first:pt-[3px]\">\n<div class=\"markdown prose w-full break-words dark:prose-invert light\">\n<p>Der Jaal Ivory-Teppich aus der Woolen Carpets-Kollektion verf\u00fcgt \u00fcber ein modernes Rautengitterdesign, das modernen Stil nahtlos mit indisch inspirierter Kunstfertigkeit verbindet. Dieser aus hochwertigen Materialien gefertigte getuftete Wollteppich verf\u00fcgt \u00fcber eine weiche elfenbeinfarbene Basis mit aufwendigen grauen Akzenten, die ein harmonisches und optisch ansprechendes Muster erzeugen. Die Wollkonstruktion sorgt f\u00fcr Strapazierf\u00e4higkeit, Weichheit und nat\u00fcrliche Isolierung und macht es zu einer ausgezeichneten Wahl f\u00fcr stark frequentierte Bereiche wie Wohnzimmer, B\u00fcros oder Arbeitszimmer. Jaal Ivory wurde mit der Expertise von Artline Creation entworfen und verbindet Eleganz mit Vielseitigkeit und bietet eine raffinierte Note, um das Ambiente Ihres Interieurs zu heben decor.<\/p>\n<\/div>\n<\/div>\n<\/div>\n<\/div>\n<\/div><\/div>\n<\/div>\n<\/div>\n<\/article>\n<\/div>\n<\/div>\n<\/div>\n<\/div>\n<\/div>\n","protected":false},"excerpt":{"rendered":"<p>Getufteter Wollteppich mit Rautengittermuster in Elfenbeint\u00f6nen, perfekt, um Wohn- oder B\u00fcror\u00e4ume stilvoll aufzuwerten.<\/p>\n","protected":false},"featured_media":2442,"comment_status":"closed","ping_status":"closed","template":"","meta":[],"product_brand":[],"product_cat":[16],"product_tag":[117],"class_list":{"0":"post-2357","1":"product","2":"type-product","3":"status-publish","4":"has-post-thumbnail","6":"product_cat-carpets-rugs","7":"product_tag-area-carpets-tufted-wool-carpets-home-textile-floor-covering-broadloom-roll-carpets","8":"pa_product-range-broadloom-roll-carpets-germany-carpets-and-rugs","10":"first","11":"instock","12":"sold-individually","13":"shipping-taxable","14":"purchasable","15":"product-type-simple"},"_links":{"self":[{"href":"https:\/\/artlinecreation.com\/germany\/wp-json\/wp\/v2\/product\/2357","targetHints":{"allow":["GET"]}}],"collection":[{"href":"https:\/\/artlinecreation.com\/germany\/wp-json\/wp\/v2\/product"}],"about":[{"href":"https:\/\/artlinecreation.com\/germany\/wp-json\/wp\/v2\/types\/product"}],"replies":[{"embeddable":true,"href":"https:\/\/artlinecreation.com\/germany\/wp-json\/wp\/v2\/comments?post=2357"}],"wp:featuredmedia":[{"embeddable":true,"href":"https:\/\/artlinecreation.com\/germany\/wp-json\/wp\/v2\/media\/2442"}],"wp:attachment":[{"href":"https:\/\/artlinecreation.com\/germany\/wp-json\/wp\/v2\/media?parent=2357"}],"wp:term":[{"taxonomy":"product_brand","embeddable":true,"href":"https:\/\/artlinecreation.com\/germany\/wp-json\/wp\/v2\/product_brand?post=2357"},{"taxonomy":"product_cat","embeddable":true,"href":"https:\/\/artlinecreation.com\/germany\/wp-json\/wp\/v2\/product_cat?post=2357"},{"taxonomy":"product_tag","embeddable":true,"href":"https:\/\/artlinecreation.com\/germany\/wp-json\/wp\/v2\/product_tag?post=2357"}],"curies":[{"name":"wp","href":"https:\/\/api.w.org\/{rel}","templated":true}]}}