{"id":2394,"date":"2024-12-16T18:54:16","date_gmt":"2024-12-16T18:54:16","guid":{"rendered":"https:\/\/artlinecreation.com\/germany\/?post_type=product&#038;p=2394"},"modified":"2024-12-24T19:32:17","modified_gmt":"2024-12-24T19:32:17","slug":"riya-multi-tone-symphony-handloom-woolen-carpets","status":"publish","type":"product","link":"https:\/\/artlinecreation.com\/germany\/product\/riya-multi-tone-symphony-handloom-woolen-carpets\/","title":{"rendered":"Riya Multi-Tone Symphony handgewebte Wollteppiche"},"content":{"rendered":"<div class=\"flex-1 overflow-hidden\">\n<div class=\"h-full\">\n<div class=\"react-scroll-to-bottom--css-iyfwu-79elbk h-full\">\n<div class=\"react-scroll-to-bottom--css-iyfwu-1n7m0yu\">\n<div class=\"flex flex-col text-sm\">\n<article class=\"w-full scroll-mb-[var(--thread-trailing-height,150px)] text-token-text-primary focus-visible:outline-2 focus-visible:outline -offset-[-4px]\" dir=\"auto\" data-testid=\"conversation-turn-5\" data-scroll-anchor=\"true\">\n<div class=\"m-auto text-base py-[18px] px-3 md:px-4 w-full md:px-5 lg:px-4 xl:px-5\">\n<div class=\"mx-auto flex flex-1 L\u00fccke -4 text-base md:gap-5 lg:gap-6 md:max-w-3xl lg:max-w-[40rem] xl:max-w-[48rem]\">\n<div class=\"group\/conversation-turn relative flex w-full min-w-0 flex-col agent-turn\">\n<div class=\"flex-col gap-1 md:gap-3\">\n<div class=\"flex max-w-full flex-col flex-grow\">\n<div class=\"min-h-8 text-message flex w-full flex-col items-end gap- 2 Leerzeichen \u2013 normale Umbruchw\u00f6rter \u2013 Textanfang [.text-message+&amp;]:mt-5\" dir=\"auto\" data-message-author-role=\"assistant\" data-message-id=\"c17c19a5-1f6b-49f0-adbd-edb0a0a78a6c\" data-message -model-slug=\"gpt-4o\">\n<div class=\"flex w-full flex-col gap-1 empty:hidden first:pt-[3px]\">\n<div class=\"markdown prose w-full break-words dark:prose-invert light\">\n<p>&#8220;Riya Multi-Tone Symphony&#8221; aus Die Handloom-Teppichkollektion ist eine meisterhafte Kreation von Artline Creation, die den Charme traditioneller Handwebkunst mit zeitgen\u00f6ssischem Design verbindet. Die Flachgewebekonstruktion verbessert die Textur und Haltbarkeit des Teppichs, w\u00e4hrend die hochwertige Wolle f\u00fcr Komfort und W\u00e4rme sorgt.<\/p>\n<p>Die geometrischen Muster des Teppichs zeichnen sich durch ein reichhaltiges Zusammenspiel mehrfarbiger Farbt\u00f6ne aus und verleihen jedem Raum Tiefe und visuelle Faszination. Seine elegante, moderne \u00c4sthetik macht ihn zum idealen Mittelpunkt f\u00fcr Wohnzimmer, Schlafzimmer oder offene R\u00e4ume, die eine subtile und dennoch dynamische Note suchen. \u201eRiya Multi-Tone Symphony\u201c ist ein Beweis f\u00fcr das Engagement von Artline Creation bei der Herstellung von indisch inspirierten Teppichen, die m\u00fchelos Tradition und Innovation verbinden und Ihre Inneneinrichtung mit Understatement aufwerten Eleganz.<\/p>\n<\/div>\n<\/div>\n<\/div>\n<\/div>\n<\/div><\/div>\n<\/div>\n<\/div>\n<\/article>\n<\/div>\n<\/div>\n<\/div>\n<\/div>\n<\/div>\n","protected":false},"excerpt":{"rendered":"<p>Ein moderner handgewebter, flach gewebter Wollteppich mit einem mehrfarbigen geometrischen Muster, perfekt f\u00fcr eine vielseitige Inneneinrichtung.<br \/>\nN<\/p>\n<p>&nbsp;<\/p>\n","protected":false},"featured_media":2479,"comment_status":"closed","ping_status":"closed","template":"","meta":[],"product_brand":[],"product_cat":[16],"product_tag":[127],"class_list":{"0":"post-2394","1":"product","2":"type-product","3":"status-publish","4":"has-post-thumbnail","6":"product_cat-carpets-rugs","7":"product_tag-area-carpets-hand-loom-wool-carpets-home-textile-floor-covering-carpets","9":"first","10":"instock","11":"sold-individually","12":"shipping-taxable","13":"purchasable","14":"product-type-simple"},"_links":{"self":[{"href":"https:\/\/artlinecreation.com\/germany\/wp-json\/wp\/v2\/product\/2394","targetHints":{"allow":["GET"]}}],"collection":[{"href":"https:\/\/artlinecreation.com\/germany\/wp-json\/wp\/v2\/product"}],"about":[{"href":"https:\/\/artlinecreation.com\/germany\/wp-json\/wp\/v2\/types\/product"}],"replies":[{"embeddable":true,"href":"https:\/\/artlinecreation.com\/germany\/wp-json\/wp\/v2\/comments?post=2394"}],"wp:featuredmedia":[{"embeddable":true,"href":"https:\/\/artlinecreation.com\/germany\/wp-json\/wp\/v2\/media\/2479"}],"wp:attachment":[{"href":"https:\/\/artlinecreation.com\/germany\/wp-json\/wp\/v2\/media?parent=2394"}],"wp:term":[{"taxonomy":"product_brand","embeddable":true,"href":"https:\/\/artlinecreation.com\/germany\/wp-json\/wp\/v2\/product_brand?post=2394"},{"taxonomy":"product_cat","embeddable":true,"href":"https:\/\/artlinecreation.com\/germany\/wp-json\/wp\/v2\/product_cat?post=2394"},{"taxonomy":"product_tag","embeddable":true,"href":"https:\/\/artlinecreation.com\/germany\/wp-json\/wp\/v2\/product_tag?post=2394"}],"curies":[{"name":"wp","href":"https:\/\/api.w.org\/{rel}","templated":true}]}}