{"id":2457,"date":"2024-12-16T18:57:31","date_gmt":"2024-12-16T18:57:31","guid":{"rendered":"https:\/\/artlinecreation.com\/germany\/?post_type=product&#038;p=2457"},"modified":"2024-12-24T19:32:20","modified_gmt":"2024-12-24T19:32:20","slug":"anvika-grid-handloom-woolen-carpets-and-rugs","status":"publish","type":"product","link":"https:\/\/artlinecreation.com\/germany\/product\/anvika-grid-handloom-woolen-carpets-and-rugs\/","title":{"rendered":"Anvika Grid handgewebte Wollteppiche und Vorleger"},"content":{"rendered":"<p>Loading&#8230;<\/p>\n","protected":false},"excerpt":{"rendered":"<p>Der Anvika Grid Rug von Artline Creation verleiht mit seinen Erdt\u00f6nen und dem komplizierten Gittermuster W\u00e4rme und Struktur im Wohnzimmer, Schlafzimmer oder gem\u00fctlichen Arbeitsbereiche.<br \/>\nN<\/p>\n<p>&nbsp;<\/p>\n","protected":false},"featured_media":2548,"comment_status":"closed","ping_status":"closed","template":"","meta":[],"product_brand":[],"product_cat":[16],"product_tag":[127],"class_list":{"0":"post-2457","1":"product","2":"type-product","3":"status-publish","4":"has-post-thumbnail","6":"product_cat-carpets-rugs","7":"product_tag-area-carpets-hand-loom-wool-carpets-home-textile-floor-covering-carpets","8":"pa_product-range-hand-loom-carpets-germany-carpets-and-rugs","10":"first","11":"instock","12":"sold-individually","13":"shipping-taxable","14":"purchasable","15":"product-type-simple"},"_links":{"self":[{"href":"https:\/\/artlinecreation.com\/germany\/wp-json\/wp\/v2\/product\/2457","targetHints":{"allow":["GET"]}}],"collection":[{"href":"https:\/\/artlinecreation.com\/germany\/wp-json\/wp\/v2\/product"}],"about":[{"href":"https:\/\/artlinecreation.com\/germany\/wp-json\/wp\/v2\/types\/product"}],"replies":[{"embeddable":true,"href":"https:\/\/artlinecreation.com\/germany\/wp-json\/wp\/v2\/comments?post=2457"}],"wp:featuredmedia":[{"embeddable":true,"href":"https:\/\/artlinecreation.com\/germany\/wp-json\/wp\/v2\/media\/2548"}],"wp:attachment":[{"href":"https:\/\/artlinecreation.com\/germany\/wp-json\/wp\/v2\/media?parent=2457"}],"wp:term":[{"taxonomy":"product_brand","embeddable":true,"href":"https:\/\/artlinecreation.com\/germany\/wp-json\/wp\/v2\/product_brand?post=2457"},{"taxonomy":"product_cat","embeddable":true,"href":"https:\/\/artlinecreation.com\/germany\/wp-json\/wp\/v2\/product_cat?post=2457"},{"taxonomy":"product_tag","embeddable":true,"href":"https:\/\/artlinecreation.com\/germany\/wp-json\/wp\/v2\/product_tag?post=2457"}],"curies":[{"name":"wp","href":"https:\/\/api.w.org\/{rel}","templated":true}]}}