{"id":2465,"date":"2024-12-16T18:57:54","date_gmt":"2024-12-16T18:57:54","guid":{"rendered":"https:\/\/artlinecreation.com\/germany\/?post_type=product&#038;p=2465"},"modified":"2024-12-24T19:32:20","modified_gmt":"2024-12-24T19:32:20","slug":"tara-wave-handloom-viscose-carpets-and-rugs","status":"publish","type":"product","link":"https:\/\/artlinecreation.com\/germany\/product\/tara-wave-handloom-viscose-carpets-and-rugs\/","title":{"rendered":"Tara Wave handgewebte Viskose-Teppiche und Vorleger"},"content":{"rendered":"<div class=\"flex-1 overflow-hidden\">\n<div class=\"h-full\">\n<div class=\"react-scroll-to-bottom--css-gbzsu-79elbk h-full\">\n<div class=\"react-scroll-to-bottom--css-gbzsu-1n7m0yu\">\n<div class=\"flex flex-col text-sm\">\n<article class=\"w-full scroll-mb-[var(--thread-trailing-height,150px)] text-token-text-primary focus-visible:outline-2 focus-visible:outline -offset-[-4px]\" dir=\"auto\" data-testid=\"conversation-turn-45\" data-scroll-anchor=\"true\">\n<div class=\"m-auto text-base py-[18px] px-3 md:px-4 w-full md:px-5 lg:px-4 xl:px-5\">\n<div class=\"mx-auto flex flex-1 L\u00fccke -4 text-base md:gap-5 lg:gap-6 md:max-w-3xl lg:max-w-[40rem] xl:max-w-[48rem]\">\n<div class=\"group\/conversation-turn relative flex w-full min-w-0 flex-col agent-turn\">\n<div class=\"flex-col gap-1 md:gap-3\">\n<div class=\"flex max-w-full flex-col flex-grow\">\n<div class=\"min-h-8 text-message flex w-full flex-col items-end gap- 2 Leerzeichen-normale Umbruchw\u00f6rter [.text-message+&amp;]:mt-5\" dir=\"auto\" data-message-author-role=\"assistant\" data-message-id=\"fa862fbd-4457-4765-973e-343b7f416b9f\" data-message -model-slug=\"gpt-4o\">\n<div class=\"flex w-full flex-col gap-1 empty:hidden first:pt-[3px]\">\n<div class=\"markdown prose w-full break-words dark:prose-invert light\">\n<p>Verleihen Sie Ihrem Zuhause eine Aura der Gelassenheit mit der Tara Wave Teppich von Artline Creation. Mit sanften Blaut\u00f6nen und einem eleganten Wellenmuster verk\u00f6rpert dieser Teppich die beruhigende Sch\u00f6nheit flie\u00dfenden Wassers. Entworfen, um Ruhe und Eleganz hervorzurufen, eignet er sich perfekt f\u00fcr die Schaffung einer ruhigen Atmosph\u00e4re in jedem Innenraum.<\/p>\n<p>Der aus hochwertigen Materialien und fachm\u00e4nnischer Pr\u00e4zision gefertigte Tara Wave-Teppich bietet eine glatte Textur und eine lange Haltbarkeit, was ihn geeignet macht f\u00fcr stark frequentierte Bereiche sowie gem\u00fctliche R\u00e4ume. Sein vielseitiges Design f\u00fcgt sich m\u00fchelos in moderne, K\u00fcsten- oder minimalistische \u00c4sthetik ein und unterstreicht die Eleganz von Wohnzimmern, Schlafzimmern oder kreativen Arbeitsbereichen.<\/p>\n<p>Werten Sie Ihre Innenr\u00e4ume mit dem beruhigenden Charme des Tara Wave-Teppichs auf. Entdecken Sie dieses und weitere exquisite Designs auf ArtlineCreation.com, wo vom Erbe inspirierte Kunst auf Moderne trifft Innovation.<\/p>\n<\/div>\n<\/div>\n<\/div>\n<\/div>\n<\/div><\/div>\n<\/div>\n<\/div>\n<\/article>\n<\/div>\n<\/div>\n<\/div>\n<\/div>\n<\/div>\n","protected":false},"excerpt":{"rendered":"<p>Der Tara Wave-Teppich von Artline Creation verleiht mit seinen beruhigenden Blaut\u00f6nen und dem flie\u00dfenden wellenf\u00f6rmigen Design Wohnzimmern, Schlafzimmern oder ruhigen R\u00e4umen eine ruhige und moderne Note.<\/p>\n","protected":false},"featured_media":2553,"comment_status":"closed","ping_status":"closed","template":"","meta":[],"product_brand":[],"product_cat":[16],"product_tag":[132],"class_list":{"0":"post-2465","1":"product","2":"type-product","3":"status-publish","4":"has-post-thumbnail","6":"product_cat-carpets-rugs","7":"product_tag-area-carpets-hand-loom-viscose-carpets-home-textile-floor-covering-carpets","8":"pa_product-range-hand-loom-carpets-germany-carpets-and-rugs","10":"first","11":"instock","12":"sold-individually","13":"shipping-taxable","14":"purchasable","15":"product-type-simple"},"_links":{"self":[{"href":"https:\/\/artlinecreation.com\/germany\/wp-json\/wp\/v2\/product\/2465","targetHints":{"allow":["GET"]}}],"collection":[{"href":"https:\/\/artlinecreation.com\/germany\/wp-json\/wp\/v2\/product"}],"about":[{"href":"https:\/\/artlinecreation.com\/germany\/wp-json\/wp\/v2\/types\/product"}],"replies":[{"embeddable":true,"href":"https:\/\/artlinecreation.com\/germany\/wp-json\/wp\/v2\/comments?post=2465"}],"wp:featuredmedia":[{"embeddable":true,"href":"https:\/\/artlinecreation.com\/germany\/wp-json\/wp\/v2\/media\/2553"}],"wp:attachment":[{"href":"https:\/\/artlinecreation.com\/germany\/wp-json\/wp\/v2\/media?parent=2465"}],"wp:term":[{"taxonomy":"product_brand","embeddable":true,"href":"https:\/\/artlinecreation.com\/germany\/wp-json\/wp\/v2\/product_brand?post=2465"},{"taxonomy":"product_cat","embeddable":true,"href":"https:\/\/artlinecreation.com\/germany\/wp-json\/wp\/v2\/product_cat?post=2465"},{"taxonomy":"product_tag","embeddable":true,"href":"https:\/\/artlinecreation.com\/germany\/wp-json\/wp\/v2\/product_tag?post=2465"}],"curies":[{"name":"wp","href":"https:\/\/api.w.org\/{rel}","templated":true}]}}