{"id":2474,"date":"2024-12-16T18:58:20","date_gmt":"2024-12-16T18:58:20","guid":{"rendered":"https:\/\/artlinecreation.com\/germany\/?post_type=product&#038;p=2474"},"modified":"2024-12-24T19:32:20","modified_gmt":"2024-12-24T19:32:20","slug":"ira-ash-handloom-viscose-carpets-and-rugs","status":"publish","type":"product","link":"https:\/\/artlinecreation.com\/germany\/product\/ira-ash-handloom-viscose-carpets-and-rugs\/","title":{"rendered":"Ira Ash Handloom Viskose-Teppiche und Vorleger"},"content":{"rendered":"<div class=\"flex-1 overflow-hidden\">\n<div class=\"h-full\">\n<div class=\"react-scroll-to-bottom--css-gbzsu-79elbk h-full\">\n<div class=\"react-scroll-to-bottom--css-gbzsu-1n7m0yu\">\n<div class=\"flex flex-col text-sm\">\n<article class=\"w-full scroll-mb-[var(--thread-trailing-height,150px)] text-token-text-primary focus-visible:outline-2 focus-visible:outline -offset-[-4px]\" dir=\"auto\" data-testid=\"conversation-turn-53\" data-scroll-anchor=\"true\">\n<div class=\"m-auto text-base py-[18px] px-3 md:px-4 w-full md:px-5 lg:px-4 xl:px-5\">\n<div class=\"mx-auto flex flex-1 L\u00fccke -4 text-base md:gap-5 lg:gap-6 md:max-w-3xl lg:max-w-[40rem] xl:max-w-[48rem]\">\n<div class=\"group\/conversation-turn relative flex w-full min-w-0 flex-col agent-turn\">\n<div class=\"flex-col gap-1 md:gap-3\">\n<div class=\"flex max-w-full flex-col flex-grow\">\n<div class=\"min-h-8 text-message flex w-full flex-col items-end gap- 2 Leerzeichen-normale Umbruchw\u00f6rter [.text-message+&amp;]:mt-5\" dir=\"auto\" data-message-author-role=\"assistant\" data-message-id=\"a870cfc7-5add-4ea2-9e07-9e8ad6a44a14\" data-message -model-slug=\"gpt-4o\">\n<div class=\"flex w-full flex-col gap-1 empty:hidden first:pt-[3px]\">\n<div class=\"markdown prose w-full break-words dark:prose-invert light\">\n<p>Der Ira Ash Rug von Artline Creation ist ein zeitlose Mischung aus Einfachheit und Raffinesse. Mit seiner subtilen linearen Textur in sanften Graut\u00f6nen strahlt dieser Teppich ein Gef\u00fchl von Ruhe und Raffinesse aus und ist somit eine vielseitige Wahl f\u00fcr eine Vielzahl von Innenr\u00e4umen. Sein minimalistisches Design passt sowohl zu modernem als auch zu klassischem Dekor und verleiht jedem Raum eine Schicht dezenter Eleganz.<\/p>\n<p>Der aus hochwertigen Materialien gefertigte Ira Ash Rug sorgt f\u00fcr Langlebigkeit und ein weiches, luxuri\u00f6ses Gef\u00fchl unter den F\u00fc\u00dfen. Seine neutralen Farbt\u00f6ne machen ihn zu einer perfekten Erg\u00e4nzung f\u00fcr Wohnzimmer, Schlafzimmer oder ruhige B\u00fcroumgebungen. Er f\u00fcgt sich nahtlos in Ihre bestehende Einrichtung ein und unterstreicht gleichzeitig das Ambiente.<\/p>\n<p>Verwandeln Sie Ihre Innenr\u00e4ume mit dem ruhigen Charme des Ira Ash Rug. Entdecken Sie dieses und weitere fachm\u00e4nnisch gefertigte Designs auf ArtlineCreation.com, wo Tradition auf Innovation trifft, um Ihr Design zu verbessern Startseite.<\/p>\n<\/div>\n<\/div>\n<\/div>\n<\/div>\n<\/div><\/div>\n<\/div>\n<\/div>\n<\/article>\n<\/div>\n<\/div>\n<\/div>\n<\/div>\n<\/div>\n","protected":false},"excerpt":{"rendered":"<p>Der Ira Ash Rug von Artline Creation in sanften Graut\u00f6nen mit einer dezenten linearen Textur bietet dezente Eleganz und Vielseitigkeit f\u00fcr Wohnzimmer, Schlafzimmer oder ruhige Arbeitsbereiche.<br \/>\nN<\/p>\n<p>&nbsp;<\/p>\n","protected":false},"featured_media":2556,"comment_status":"closed","ping_status":"closed","template":"","meta":[],"product_brand":[],"product_cat":[16],"product_tag":[132],"class_list":{"0":"post-2474","1":"product","2":"type-product","3":"status-publish","4":"has-post-thumbnail","6":"product_cat-carpets-rugs","7":"product_tag-area-carpets-hand-loom-viscose-carpets-home-textile-floor-covering-carpets","8":"pa_product-range-hand-loom-carpets-germany-carpets-and-rugs","10":"first","11":"instock","12":"sold-individually","13":"shipping-taxable","14":"purchasable","15":"product-type-simple"},"_links":{"self":[{"href":"https:\/\/artlinecreation.com\/germany\/wp-json\/wp\/v2\/product\/2474","targetHints":{"allow":["GET"]}}],"collection":[{"href":"https:\/\/artlinecreation.com\/germany\/wp-json\/wp\/v2\/product"}],"about":[{"href":"https:\/\/artlinecreation.com\/germany\/wp-json\/wp\/v2\/types\/product"}],"replies":[{"embeddable":true,"href":"https:\/\/artlinecreation.com\/germany\/wp-json\/wp\/v2\/comments?post=2474"}],"wp:featuredmedia":[{"embeddable":true,"href":"https:\/\/artlinecreation.com\/germany\/wp-json\/wp\/v2\/media\/2556"}],"wp:attachment":[{"href":"https:\/\/artlinecreation.com\/germany\/wp-json\/wp\/v2\/media?parent=2474"}],"wp:term":[{"taxonomy":"product_brand","embeddable":true,"href":"https:\/\/artlinecreation.com\/germany\/wp-json\/wp\/v2\/product_brand?post=2474"},{"taxonomy":"product_cat","embeddable":true,"href":"https:\/\/artlinecreation.com\/germany\/wp-json\/wp\/v2\/product_cat?post=2474"},{"taxonomy":"product_tag","embeddable":true,"href":"https:\/\/artlinecreation.com\/germany\/wp-json\/wp\/v2\/product_tag?post=2474"}],"curies":[{"name":"wp","href":"https:\/\/api.w.org\/{rel}","templated":true}]}}