{"id":2484,"date":"2024-12-16T18:58:47","date_gmt":"2024-12-16T18:58:47","guid":{"rendered":"https:\/\/artlinecreation.com\/germany\/?post_type=product&#038;p=2484"},"modified":"2024-12-24T19:32:20","modified_gmt":"2024-12-24T19:32:20","slug":"kaya-midnight-handloom-viscose-carpets-and-rugs","status":"publish","type":"product","link":"https:\/\/artlinecreation.com\/germany\/product\/kaya-midnight-handloom-viscose-carpets-and-rugs\/","title":{"rendered":"Kaya Midnight handgewebte Viskose-Teppiche und Vorleger"},"content":{"rendered":"<div class=\"flex-1 overflow-hidden\">\n<div class=\"h-full\">\n<div class=\"react-scroll-to-bottom--css-gbzsu-79elbk h-full\">\n<div class=\"react-scroll-to-bottom--css-gbzsu-1n7m0yu\">\n<div class=\"flex flex-col text-sm\">\n<article class=\"w-full scroll-mb-[var(--thread-trailing-height,150px)] text-token-text-primary focus-visible:outline-2 focus-visible:outline -offset-[-4px]\" dir=\"auto\" data-testid=\"conversation-turn-25\" data-scroll-anchor=\"true\">\n<div class=\"m-auto text-base py-[18px] px-3 md:px-4 w-full md:px-5 lg:px-4 xl:px-5\">\n<div class=\"mx-auto flex flex-1 L\u00fccke -4 text-base md:gap-5 lg:gap-6 md:max-w-3xl lg:max-w-[40rem] xl:max-w-[48rem]\">\n<div class=\"group\/conversation-turn relative flex w-full min-w-0 flex-col agent-turn\">\n<div class=\"flex-col gap-1 md:gap-3\">\n<div class=\"flex max-w-full flex-col flex-grow\">\n<div class=\"min-h-8 text-message flex w-full flex-col items-end gap- 2 Leerzeichen-normale Umbruchw\u00f6rter [.text-message+&amp;]:mt-5\" dir=\"auto\" data-message-author-role=\"assistant\" data-message-id=\"cb59f396-44f3-4a72-bb64-e53a5036d76f\" data-message -model-slug=\"gpt-4o\">\n<div class=\"flex w-full flex-col gap-1 empty:hidden first:pt-[3px]\">\n<div class=\"markdown prose w-full break-words dark:prose-invert light\">\n<p>Verwandeln Sie Ihre Innenr\u00e4ume mit dem Kaya Midnight Rug von Artline Creation, ein St\u00fcck, das k\u00fchne Eleganz und modernen Charme ausstrahlt. Sein tiefer Anthrazitton sorgt f\u00fcr eine auff\u00e4llige Pr\u00e4senz und macht ihn zur perfekten Wahl f\u00fcr moderne R\u00e4ume, die eine raffinierte und minimalistische Atmosph\u00e4re suchen. Inspiriert vom Mysterium der Nacht verk\u00f6rpert dieser Teppich die Essenz zeitloser Eleganz.<\/p>\n<p>Der aus hochwertigen Materialien und tadelloser Handwerkskunst gefertigte Kaya Midnight Rug bietet eine luxuri\u00f6se Textur und dauerhafte Qualit\u00e4t. Sein dunkler, vielseitiger Farbton erg\u00e4nzt eine Reihe von Farbschemata und Stilen und macht ihn ideal f\u00fcr Wohnzimmer, Schlafzimmer oder berufliche R\u00e4ume, die dezente Eleganz erfordern.<\/p>\n<p>Definieren Sie Ihre Einrichtung neu mit dem Kaya Midnight Rug, wo Tradition auf Tradition trifft Innovation. Entdecken Sie dieses und weitere ikonische Designs auf ArtlineCreation.com und versch\u00f6nern Sie Ihr Zuhause mit der perfekten Mischung aus Tradition und Moderne.<\/p>\n<\/div>\n<\/div>\n<\/div >\n<\/div>\n<div class=\"pr-2 lg:pr-0\"><\/div>\n<div class=\"mt-3 w-full empty:hidden \">\n<div class=\"text-center\"><\/div>\n<\/div>\n<\/div>\n<div class=\"absolute\">\n<div class=\"flex Artikel-Center justify-center\"><\/div>\n<\/div>\n<\/div>\n<\/div>\n<\/div>\n<\/article>\n<p>< \/div><\/p>\n<\/div>\n<\/div>\n<\/div>\n<\/div>\n<div class=\"md:pt-0 dunkel :border-white\/20 md:border-transparent md:dark:border-transparent w-full\">\n<div>\n<div class=\"m-auto text-base px-3 md:px-4 w-full md:px-5 lg:px-4 xl: px-5\">\n<div class=\"mx-auto flex flex-1 gap-4 text-base md:gap-5 lg:gap-6 md:max-w-3xl lg:max-w- [40rem] xl:max-w-[48rem]\">\n<div class=\"flex justify-center\"><\/div>\n<\/div>\n<\/div><\/div>\n<\/div>\n","protected":false},"excerpt":{"rendered":"<p>Der Kaya Midnight Rug von Artline Creation in tiefen Anthrazitt\u00f6nen verleiht jedem Raum eine k\u00fchne und raffinierte Note. Es eignet sich ideal f\u00fcr moderne Innenr\u00e4ume und wertet R\u00e4ume mit seinem eleganten und raffinierten Aussehen auf.<br \/>\nN<\/p>\n<p>&nbsp;<\/p>\n","protected":false},"featured_media":2572,"comment_status":"closed","ping_status":"closed","template":"","meta":[],"product_brand":[],"product_cat":[16],"product_tag":[132],"class_list":{"0":"post-2484","1":"product","2":"type-product","3":"status-publish","4":"has-post-thumbnail","6":"product_cat-carpets-rugs","7":"product_tag-area-carpets-hand-loom-viscose-carpets-home-textile-floor-covering-carpets","8":"pa_product-range-hand-loom-carpets-germany-carpets-and-rugs","10":"first","11":"instock","12":"sold-individually","13":"shipping-taxable","14":"purchasable","15":"product-type-simple"},"_links":{"self":[{"href":"https:\/\/artlinecreation.com\/germany\/wp-json\/wp\/v2\/product\/2484","targetHints":{"allow":["GET"]}}],"collection":[{"href":"https:\/\/artlinecreation.com\/germany\/wp-json\/wp\/v2\/product"}],"about":[{"href":"https:\/\/artlinecreation.com\/germany\/wp-json\/wp\/v2\/types\/product"}],"replies":[{"embeddable":true,"href":"https:\/\/artlinecreation.com\/germany\/wp-json\/wp\/v2\/comments?post=2484"}],"wp:featuredmedia":[{"embeddable":true,"href":"https:\/\/artlinecreation.com\/germany\/wp-json\/wp\/v2\/media\/2572"}],"wp:attachment":[{"href":"https:\/\/artlinecreation.com\/germany\/wp-json\/wp\/v2\/media?parent=2484"}],"wp:term":[{"taxonomy":"product_brand","embeddable":true,"href":"https:\/\/artlinecreation.com\/germany\/wp-json\/wp\/v2\/product_brand?post=2484"},{"taxonomy":"product_cat","embeddable":true,"href":"https:\/\/artlinecreation.com\/germany\/wp-json\/wp\/v2\/product_cat?post=2484"},{"taxonomy":"product_tag","embeddable":true,"href":"https:\/\/artlinecreation.com\/germany\/wp-json\/wp\/v2\/product_tag?post=2484"}],"curies":[{"name":"wp","href":"https:\/\/api.w.org\/{rel}","templated":true}]}}