{"id":2502,"date":"2024-12-16T18:59:37","date_gmt":"2024-12-16T18:59:37","guid":{"rendered":"https:\/\/artlinecreation.com\/germany\/?post_type=product&#038;p=2502"},"modified":"2024-12-24T19:32:21","modified_gmt":"2024-12-24T19:32:21","slug":"aarav-bliss-luxe-handloom-viscose-carpets-and-rugs","status":"publish","type":"product","link":"https:\/\/artlinecreation.com\/germany\/product\/aarav-bliss-luxe-handloom-viscose-carpets-and-rugs\/","title":{"rendered":"Aarav Bliss Luxe handgewebte Viskose-Teppiche und Vorleger"},"content":{"rendered":"<p>Loading&#8230;<\/p>\n","protected":false},"excerpt":{"rendered":"<p>Der Aarav Bliss Luxe Teppich von Artline Creation zeichnet sich durch einen warmen Goldton und ein elegantes Design aus und verleiht Wohnr\u00e4umen einen Hauch von Raffinesse. Es eignet sich perfekt f\u00fcr moderne Innenr\u00e4ume und schafft ein gem\u00fctliches und raffiniertes Ambiente.<\/p>\n","protected":false},"featured_media":2589,"comment_status":"closed","ping_status":"closed","template":"","meta":[],"product_brand":[],"product_cat":[16],"product_tag":[132],"class_list":{"0":"post-2502","1":"product","2":"type-product","3":"status-publish","4":"has-post-thumbnail","6":"product_cat-carpets-rugs","7":"product_tag-area-carpets-hand-loom-viscose-carpets-home-textile-floor-covering-carpets","8":"pa_product-range-hand-loom-carpets-germany-carpets-and-rugs","10":"first","11":"instock","12":"sold-individually","13":"shipping-taxable","14":"purchasable","15":"product-type-simple"},"_links":{"self":[{"href":"https:\/\/artlinecreation.com\/germany\/wp-json\/wp\/v2\/product\/2502","targetHints":{"allow":["GET"]}}],"collection":[{"href":"https:\/\/artlinecreation.com\/germany\/wp-json\/wp\/v2\/product"}],"about":[{"href":"https:\/\/artlinecreation.com\/germany\/wp-json\/wp\/v2\/types\/product"}],"replies":[{"embeddable":true,"href":"https:\/\/artlinecreation.com\/germany\/wp-json\/wp\/v2\/comments?post=2502"}],"wp:featuredmedia":[{"embeddable":true,"href":"https:\/\/artlinecreation.com\/germany\/wp-json\/wp\/v2\/media\/2589"}],"wp:attachment":[{"href":"https:\/\/artlinecreation.com\/germany\/wp-json\/wp\/v2\/media?parent=2502"}],"wp:term":[{"taxonomy":"product_brand","embeddable":true,"href":"https:\/\/artlinecreation.com\/germany\/wp-json\/wp\/v2\/product_brand?post=2502"},{"taxonomy":"product_cat","embeddable":true,"href":"https:\/\/artlinecreation.com\/germany\/wp-json\/wp\/v2\/product_cat?post=2502"},{"taxonomy":"product_tag","embeddable":true,"href":"https:\/\/artlinecreation.com\/germany\/wp-json\/wp\/v2\/product_tag?post=2502"}],"curies":[{"name":"wp","href":"https:\/\/api.w.org\/{rel}","templated":true}]}}