{"id":2509,"date":"2024-12-16T19:00:02","date_gmt":"2024-12-16T19:00:02","guid":{"rendered":"https:\/\/artlinecreation.com\/germany\/?post_type=product&#038;p=2509"},"modified":"2024-12-24T19:32:21","modified_gmt":"2024-12-24T19:32:21","slug":"meghna-jaal","status":"publish","type":"product","link":"https:\/\/artlinecreation.com\/germany\/product\/meghna-jaal\/","title":{"rendered":"Meghna Jaal"},"content":{"rendered":"<p>Loading&#8230;<\/p>\n","protected":false},"excerpt":{"rendered":"<p>\u201eMeghna Jaal\u201c ist ein handgetufteter Pl\u00fcschteppich mit einem eleganten Gittermuster in sanften Beiget\u00f6nen, ideal f\u00fcr die Schaffung einer ruhigen und eleganten Atmosph\u00e4re.<\/p>\n","protected":false},"featured_media":2593,"comment_status":"closed","ping_status":"closed","template":"","meta":[],"product_brand":[],"product_cat":[16],"product_tag":[132],"class_list":{"0":"post-2509","1":"product","2":"type-product","3":"status-publish","4":"has-post-thumbnail","6":"product_cat-carpets-rugs","7":"product_tag-area-carpets-hand-loom-viscose-carpets-home-textile-floor-covering-carpets","8":"pa_product-range-hand-loom-carpets-germany-carpets-and-rugs","10":"first","11":"instock","12":"sold-individually","13":"shipping-taxable","14":"purchasable","15":"product-type-simple"},"_links":{"self":[{"href":"https:\/\/artlinecreation.com\/germany\/wp-json\/wp\/v2\/product\/2509","targetHints":{"allow":["GET"]}}],"collection":[{"href":"https:\/\/artlinecreation.com\/germany\/wp-json\/wp\/v2\/product"}],"about":[{"href":"https:\/\/artlinecreation.com\/germany\/wp-json\/wp\/v2\/types\/product"}],"replies":[{"embeddable":true,"href":"https:\/\/artlinecreation.com\/germany\/wp-json\/wp\/v2\/comments?post=2509"}],"wp:featuredmedia":[{"embeddable":true,"href":"https:\/\/artlinecreation.com\/germany\/wp-json\/wp\/v2\/media\/2593"}],"wp:attachment":[{"href":"https:\/\/artlinecreation.com\/germany\/wp-json\/wp\/v2\/media?parent=2509"}],"wp:term":[{"taxonomy":"product_brand","embeddable":true,"href":"https:\/\/artlinecreation.com\/germany\/wp-json\/wp\/v2\/product_brand?post=2509"},{"taxonomy":"product_cat","embeddable":true,"href":"https:\/\/artlinecreation.com\/germany\/wp-json\/wp\/v2\/product_cat?post=2509"},{"taxonomy":"product_tag","embeddable":true,"href":"https:\/\/artlinecreation.com\/germany\/wp-json\/wp\/v2\/product_tag?post=2509"}],"curies":[{"name":"wp","href":"https:\/\/api.w.org\/{rel}","templated":true}]}}