{"id":2517,"date":"2024-12-16T19:00:27","date_gmt":"2024-12-16T19:00:27","guid":{"rendered":"https:\/\/artlinecreation.com\/germany\/?post_type=product&#038;p=2517"},"modified":"2024-12-24T19:32:21","modified_gmt":"2024-12-24T19:32:21","slug":"moksha-harmony-handloom-viscose-carpets-and-rugs","status":"publish","type":"product","link":"https:\/\/artlinecreation.com\/germany\/product\/moksha-harmony-handloom-viscose-carpets-and-rugs\/","title":{"rendered":"Moksha Harmony handgewebte Viskose-Teppiche und Vorleger"},"content":{"rendered":"<p>Loading&#8230;<\/p>\n","protected":false},"excerpt":{"rendered":"<p>Der Moksha Harmony Handloom Rug von Artline Creation zeichnet sich durch ein ruhiges geometrisches Muster in sanften Beiget\u00f6nen aus und verbindet indisches Erbe mit moderner \u00c4sthetik. Es eignet sich perfekt f\u00fcr Wohn- und Schlafzimmer und verleiht jedem modernen Raum eine raffinierte Note.<\/p>\n","protected":false},"featured_media":2599,"comment_status":"closed","ping_status":"closed","template":"","meta":[],"product_brand":[],"product_cat":[16],"product_tag":[132],"class_list":{"0":"post-2517","1":"product","2":"type-product","3":"status-publish","4":"has-post-thumbnail","6":"product_cat-carpets-rugs","7":"product_tag-area-carpets-hand-loom-viscose-carpets-home-textile-floor-covering-carpets","8":"pa_product-range-hand-loom-carpets-germany-carpets-and-rugs","10":"first","11":"instock","12":"sold-individually","13":"shipping-taxable","14":"purchasable","15":"product-type-simple"},"_links":{"self":[{"href":"https:\/\/artlinecreation.com\/germany\/wp-json\/wp\/v2\/product\/2517","targetHints":{"allow":["GET"]}}],"collection":[{"href":"https:\/\/artlinecreation.com\/germany\/wp-json\/wp\/v2\/product"}],"about":[{"href":"https:\/\/artlinecreation.com\/germany\/wp-json\/wp\/v2\/types\/product"}],"replies":[{"embeddable":true,"href":"https:\/\/artlinecreation.com\/germany\/wp-json\/wp\/v2\/comments?post=2517"}],"wp:featuredmedia":[{"embeddable":true,"href":"https:\/\/artlinecreation.com\/germany\/wp-json\/wp\/v2\/media\/2599"}],"wp:attachment":[{"href":"https:\/\/artlinecreation.com\/germany\/wp-json\/wp\/v2\/media?parent=2517"}],"wp:term":[{"taxonomy":"product_brand","embeddable":true,"href":"https:\/\/artlinecreation.com\/germany\/wp-json\/wp\/v2\/product_brand?post=2517"},{"taxonomy":"product_cat","embeddable":true,"href":"https:\/\/artlinecreation.com\/germany\/wp-json\/wp\/v2\/product_cat?post=2517"},{"taxonomy":"product_tag","embeddable":true,"href":"https:\/\/artlinecreation.com\/germany\/wp-json\/wp\/v2\/product_tag?post=2517"}],"curies":[{"name":"wp","href":"https:\/\/api.w.org\/{rel}","templated":true}]}}