{"id":2544,"date":"2024-12-16T19:02:00","date_gmt":"2024-12-16T19:02:00","guid":{"rendered":"https:\/\/artlinecreation.com\/germany\/?post_type=product&#038;p=2544"},"modified":"2024-12-24T19:32:23","modified_gmt":"2024-12-24T19:32:23","slug":"thar-horizon-hand-woven-woolen-kilim-rug","status":"publish","type":"product","link":"https:\/\/artlinecreation.com\/germany\/product\/thar-horizon-hand-woven-woolen-kilim-rug\/","title":{"rendered":"Thar Horizon Handgewebter Kelim-Teppich aus Wolle"},"content":{"rendered":"<div class=\"flex-1 overflow-hidden\">\n<div class=\"h-full\">\n<div class=\"react-scroll-to-bottom--css-xzqsx-79elbk h-full\">\n<div class=\"react-scroll-to-bottom--css-xzqsx-1n7m0yu\">\n<div class=\"flex flex-col text-sm\">\n<article class=\"w-full scroll-mb-[var(--thread-trailing-height,150px)] text-token-text-primary focus-visible:outline-2 focus-visible:outline -offset-[-4px]\" dir=\"auto\" data-testid=\"conversation-turn-29\" data-scroll-anchor=\"true\">\n<div class=\"m-auto text-base py-[18px] px-3 md:px-4 w-full md:px-5 lg:px-4 xl:px-5\">\n<div class=\"mx-auto flex flex-1 L\u00fccke -4 text-base md:gap-5 lg:gap-6 md:max-w-3xl lg:max-w-[40rem] xl:max-w-[48rem]\">\n<div class=\"group\/conversation-turn relative flex w-full min-w-0 flex-col agent-turn\">\n<div class=\"flex-col gap-1 md:gap-3\">\n<div class=\"flex max-w-full flex-col flex-grow\">\n<div class=\"min-h-8 text-message flex w-full flex-col items-end gap- 2 Leerzeichen-normale Umbruchw\u00f6rter [.text-message+&amp;]:mt-5\" dir=\"auto\" data-message-author-role=\"assistant\" data-message-id=\"94baf8bc-237e-4d51-a1b5-c2318430b9e4\" data-message -model-slug=\"gpt-4o\">\n<div class=\"flex w-full flex-col gap-1 empty:hidden first:pt-[3px]\">\n<div class=\"markdown prose w-full break-words dark:prose-invert light\">\n<p>Der <strong>Thar Horizon<\/strong > Teppich aus der Woolen Kilim Collection von Artline Creation f\u00e4ngt die Essenz des traditionellen Stammesdesigns mit einem modernen Touch ein. Dieser in Flachwebtechnik handgefertigte Durry besteht aus einer strapazierf\u00e4higen Mischung aus Wolle und Baumwolle. Seine sandfarbene Palette und die kr\u00e4ftigen geometrischen Motive erinnern an die nat\u00fcrliche Sch\u00f6nheit von W\u00fcstenlandschaften und machen ihn zu einer vielseitigen Wahl f\u00fcr erdige und rustikale Innenr\u00e4ume.<\/p>\n<p>Perfekt f\u00fcr Wohnzimmer, Schlafzimmer oder Arbeitszimmer, der <strong> Thar Horizon bietet W\u00e4rme und Textur und erg\u00e4nzt sowohl traditionelle als auch minimalistische Einrichtungsstile. Seine leichte und dennoch robuste Konstruktion spiegelt das Engagement von Artline Creation wider, zeitlose indische Handwerkskunst mit praktischem Design zu verbinden und sicherzustellen, dass es \u00fcber Jahre hinweg ein gesch\u00e4tztes Element Ihrer Inneneinrichtung bleibt Komm.<\/p>\n<\/div>\n<\/div>\n<\/div>\n<\/div>\n<\/div><\/div>\n<\/div>\n<\/div>\n<\/article>\n<\/div>\n<\/div>\n<\/div>\n<\/div>\n<\/div>\n","protected":false},"excerpt":{"rendered":"<p>Flachgewebter Woll- und Baumwoll-Durry in Sandt\u00f6nen mit geometrischen Mustern im Stammesstil, ideal f\u00fcr erdige und rustikale Innenr\u00e4ume.<\/p>\n","protected":false},"featured_media":2639,"comment_status":"closed","ping_status":"closed","template":"","meta":[],"product_brand":[],"product_cat":[16],"product_tag":[136],"class_list":{"0":"post-2544","1":"product","2":"type-product","3":"status-publish","4":"has-post-thumbnail","6":"product_cat-carpets-rugs","7":"product_tag-woolen-kilim-area-rug-woolen-kilim-carpets-home-textile-floor-covering-rug","8":"pa_product-range-wool-kilim-germany-carpets-and-rugs","10":"first","11":"instock","12":"sold-individually","13":"shipping-taxable","14":"purchasable","15":"product-type-simple"},"_links":{"self":[{"href":"https:\/\/artlinecreation.com\/germany\/wp-json\/wp\/v2\/product\/2544","targetHints":{"allow":["GET"]}}],"collection":[{"href":"https:\/\/artlinecreation.com\/germany\/wp-json\/wp\/v2\/product"}],"about":[{"href":"https:\/\/artlinecreation.com\/germany\/wp-json\/wp\/v2\/types\/product"}],"replies":[{"embeddable":true,"href":"https:\/\/artlinecreation.com\/germany\/wp-json\/wp\/v2\/comments?post=2544"}],"wp:featuredmedia":[{"embeddable":true,"href":"https:\/\/artlinecreation.com\/germany\/wp-json\/wp\/v2\/media\/2639"}],"wp:attachment":[{"href":"https:\/\/artlinecreation.com\/germany\/wp-json\/wp\/v2\/media?parent=2544"}],"wp:term":[{"taxonomy":"product_brand","embeddable":true,"href":"https:\/\/artlinecreation.com\/germany\/wp-json\/wp\/v2\/product_brand?post=2544"},{"taxonomy":"product_cat","embeddable":true,"href":"https:\/\/artlinecreation.com\/germany\/wp-json\/wp\/v2\/product_cat?post=2544"},{"taxonomy":"product_tag","embeddable":true,"href":"https:\/\/artlinecreation.com\/germany\/wp-json\/wp\/v2\/product_tag?post=2544"}],"curies":[{"name":"wp","href":"https:\/\/api.w.org\/{rel}","templated":true}]}}