{"id":2921,"date":"2024-12-16T19:25:29","date_gmt":"2024-12-16T19:25:29","guid":{"rendered":"https:\/\/artlinecreation.com\/germany\/?post_type=product&#038;p=2921"},"modified":"2024-12-24T19:32:34","modified_gmt":"2024-12-24T19:32:34","slug":"tanvi-earth-stripes-handloom-carpets","status":"publish","type":"product","link":"https:\/\/artlinecreation.com\/germany\/product\/tanvi-earth-stripes-handloom-carpets\/","title":{"rendered":"Handgewebte Teppiche mit Erdstreifen von Tanvi"},"content":{"rendered":"<div class=\"flex-1 overflow-hidden\">\n<div class=\"h-full\">\n<div class=\"react-scroll-to-bottom--css-iyfwu-79elbk h-full\">\n<div class=\"react-scroll-to-bottom--css-iyfwu-1n7m0yu\">\n<div class=\"flex flex-col text-sm\">\n<article class=\"w-full scroll-mb-[var(--thread-trailing-height,150px)] text-token-text-primary focus-visible:outline-2 focus-visible:outline -offset-[-4px]\" dir=\"auto\" data-testid=\"conversation-turn-19\" data-scroll-anchor=\"true\">\n<div class=\"m-auto text-base py-[18px] px-3 md:px-4 w-full md:px-5 lg:px-4 xl:px-5\">\n<div class=\"mx-auto flex flex-1 L\u00fccke -4 text-base md:gap-5 lg:gap-6 md:max-w-3xl lg:max-w-[40rem] xl:max-w-[48rem]\">\n<div class=\"group\/conversation-turn relative flex w-full min-w-0 flex-col agent-turn\">\n<div class=\"flex-col gap-1 md:gap-3\">\n<div class=\"flex max-w-full flex-col flex-grow\">\n<div class=\"min-h-8 text-message flex w-full flex-col items-end gap- 2 Leerzeichen \u2013 normale Umbruchw\u00f6rter \u2013 Textanfang [.text-message+&amp;]:mt-5\" dir=\"auto\" data-message-author-role=\"assistant\" data-message-id=\"8b4ac2ad-47d9-484e-b9d4-77d0ab1fc95d\" data-message -model-slug=\"gpt-4o\">\n<div class=\"flex w-full flex-col gap-1 empty:hidden first:pt-[3px]\">\n<div class=\"markdown prose w-full break-words dark:prose-invert light\">\n<p>&#8220;Tanvi Earth Stripes&#8221; von Artline Creation&#8217;s Die Handloom-Teppichkollektion ist eine wundersch\u00f6ne Mischung aus erdigem Charme und modernem Design. Pr\u00e4zise gefertigt mit der Schlaufe &amp; Durch die Cut-Webtechnik zeichnet sich dieser Teppich durch ein strukturiertes Streifenmuster aus, das seiner schlichten Oberfl\u00e4che einen dezenten Charakter verleiht. Die warmen Braunt\u00f6ne schaffen eine erdende und einladende Atmosph\u00e4re, perfekt, um Ihrem Raum eine nat\u00fcrliche Note zu verleihen.<\/p>\n<p>Dieser Teppich aus strapazierf\u00e4higem Polyester ist ideal f\u00fcr stark frequentierte Bereiche und bietet gleichzeitig ein weiches und angenehmes Gef\u00fchl unter den F\u00fc\u00dfen . Ob im Wohnzimmer, Schlafzimmer oder Arbeitszimmer, \u201eTanvi Earth Stripes\u201c ist ein vielseitiges St\u00fcck, das moderne und rustikale \u00c4sthetik gleicherma\u00dfen erg\u00e4nzt und die Expertise von Artline Creation in der Verbindung traditioneller Handwerkskunst mit modernem Wohnen unterstreicht Bed\u00fcrfnisse.<\/p>\n<\/div>\n<\/div>\n<\/div>\n<\/div>\n<\/div><\/div>\n<\/div>\n<\/div>\n<\/article>\n<\/div>\n<\/div>\n<\/div>\n<\/div>\n<\/div>\n","protected":false},"excerpt":{"rendered":"<p>Ein handgewebter Loop &amp; Geschnittener Polyesterteppich in warmen Braunt\u00f6nen mit strukturierten Streifen, ideal f\u00fcr gem\u00fctliche und moderne Innenr\u00e4ume.<\/p>\n","protected":false},"featured_media":3050,"comment_status":"closed","ping_status":"closed","template":"","meta":[],"product_brand":[],"product_cat":[16],"product_tag":[163],"class_list":{"0":"post-2921","1":"product","2":"type-product","3":"status-publish","4":"has-post-thumbnail","6":"product_cat-carpets-rugs","7":"product_tag-area-carpets-handloom-carpets-home-textile-floor-covering-carpets","9":"first","10":"instock","11":"sold-individually","12":"shipping-taxable","13":"purchasable","14":"product-type-simple"},"_links":{"self":[{"href":"https:\/\/artlinecreation.com\/germany\/wp-json\/wp\/v2\/product\/2921","targetHints":{"allow":["GET"]}}],"collection":[{"href":"https:\/\/artlinecreation.com\/germany\/wp-json\/wp\/v2\/product"}],"about":[{"href":"https:\/\/artlinecreation.com\/germany\/wp-json\/wp\/v2\/types\/product"}],"replies":[{"embeddable":true,"href":"https:\/\/artlinecreation.com\/germany\/wp-json\/wp\/v2\/comments?post=2921"}],"wp:featuredmedia":[{"embeddable":true,"href":"https:\/\/artlinecreation.com\/germany\/wp-json\/wp\/v2\/media\/3050"}],"wp:attachment":[{"href":"https:\/\/artlinecreation.com\/germany\/wp-json\/wp\/v2\/media?parent=2921"}],"wp:term":[{"taxonomy":"product_brand","embeddable":true,"href":"https:\/\/artlinecreation.com\/germany\/wp-json\/wp\/v2\/product_brand?post=2921"},{"taxonomy":"product_cat","embeddable":true,"href":"https:\/\/artlinecreation.com\/germany\/wp-json\/wp\/v2\/product_cat?post=2921"},{"taxonomy":"product_tag","embeddable":true,"href":"https:\/\/artlinecreation.com\/germany\/wp-json\/wp\/v2\/product_tag?post=2921"}],"curies":[{"name":"wp","href":"https:\/\/api.w.org\/{rel}","templated":true}]}}