{"id":3005,"date":"2024-12-16T19:30:58","date_gmt":"2024-12-16T19:30:58","guid":{"rendered":"https:\/\/artlinecreation.com\/germany\/?post_type=product&#038;p=3005"},"modified":"2024-12-24T19:32:36","modified_gmt":"2024-12-24T19:32:36","slug":"noir-grids-hand-tufted-woolen-carpets","status":"publish","type":"product","link":"https:\/\/artlinecreation.com\/germany\/product\/noir-grids-hand-tufted-woolen-carpets\/","title":{"rendered":"Noir Grids handgetuftete Wollteppiche"},"content":{"rendered":"<p>Loading&#8230;<\/p>\n","protected":false},"excerpt":{"rendered":"<p>Moderner, geometrisch getufteter Wollteppich in Schwarz und Elfenbein mit kr\u00e4ftigen Mustern, perfekt f\u00fcr moderne R\u00e4ume.<\/p>\n","protected":false},"featured_media":3128,"comment_status":"closed","ping_status":"closed","template":"","meta":[],"product_brand":[],"product_cat":[16],"product_tag":[167],"class_list":{"0":"post-3005","1":"product","2":"type-product","3":"status-publish","4":"has-post-thumbnail","6":"product_cat-carpets-rugs","7":"product_tag-geometric-carpets-area-carpets-tufted-wool-carpets-home-textile-flore-covering-carpets","8":"pa_product-range-hand-tufted-woolen-carpets-germany-carpets-and-rugs","10":"first","11":"instock","12":"sold-individually","13":"shipping-taxable","14":"purchasable","15":"product-type-simple"},"_links":{"self":[{"href":"https:\/\/artlinecreation.com\/germany\/wp-json\/wp\/v2\/product\/3005","targetHints":{"allow":["GET"]}}],"collection":[{"href":"https:\/\/artlinecreation.com\/germany\/wp-json\/wp\/v2\/product"}],"about":[{"href":"https:\/\/artlinecreation.com\/germany\/wp-json\/wp\/v2\/types\/product"}],"replies":[{"embeddable":true,"href":"https:\/\/artlinecreation.com\/germany\/wp-json\/wp\/v2\/comments?post=3005"}],"wp:featuredmedia":[{"embeddable":true,"href":"https:\/\/artlinecreation.com\/germany\/wp-json\/wp\/v2\/media\/3128"}],"wp:attachment":[{"href":"https:\/\/artlinecreation.com\/germany\/wp-json\/wp\/v2\/media?parent=3005"}],"wp:term":[{"taxonomy":"product_brand","embeddable":true,"href":"https:\/\/artlinecreation.com\/germany\/wp-json\/wp\/v2\/product_brand?post=3005"},{"taxonomy":"product_cat","embeddable":true,"href":"https:\/\/artlinecreation.com\/germany\/wp-json\/wp\/v2\/product_cat?post=3005"},{"taxonomy":"product_tag","embeddable":true,"href":"https:\/\/artlinecreation.com\/germany\/wp-json\/wp\/v2\/product_tag?post=3005"}],"curies":[{"name":"wp","href":"https:\/\/api.w.org\/{rel}","templated":true}]}}