{"id":3033,"date":"2024-12-16T19:32:50","date_gmt":"2024-12-16T19:32:50","guid":{"rendered":"https:\/\/artlinecreation.com\/germany\/?post_type=product&#038;p=3033"},"modified":"2024-12-24T19:32:37","modified_gmt":"2024-12-24T19:32:37","slug":"hand-woven-woolen-rug-11","status":"publish","type":"product","link":"https:\/\/artlinecreation.com\/germany\/product\/hand-woven-woolen-rug-11\/","title":{"rendered":"Handgewebter Wollteppich"},"content":{"rendered":"","protected":false},"excerpt":{"rendered":"<p>Der <strong>Teppich \u201e\u0906\u092d\u093e \u0936\u093f\u0932\u094d\u092a\u201c (Abha Shilp)\u201c verk\u00f6rpert mit seinen auff\u00e4lligen Rautenmotiven und komplizierten geometrischen Mustern eine reiche Mischung aus Tradition und zeitgen\u00f6ssischem Flair. Vor einem Hintergrund aus tiefem Indigo bilden die sanften, neutralen Beige- und Cremet\u00f6ne einen atemberaubenden Kontrast und vermitteln ein Gef\u00fchl zeitloser Eleganz. Die sorgf\u00e4ltige Detaillierung des Designs ist von klassischer indischer Handwerkskunst inspiriert, die f\u00fcr das moderne Zuhause neu interpretiert wurde.<br \/>\nN<\/p>\n<p>Perfekt, um Wohnr\u00e4umen einen Hauch von W\u00e4rme und Eleganz zu verleihen, ist \u201e\u0906\u092d\u093e \u0936\u093f\u0932\u094d\u092a\u201c mehr als nur ein Teppich \u2013 Es ist ein Kunstwerk, das Ihr Interieur verwandelt und einen raffinierten Charme bietet, der wunderbar mit traditionellen und modernen Einrichtungsstilen harmoniert.<\/p>\n","protected":false},"featured_media":3149,"comment_status":"closed","ping_status":"closed","template":"","meta":[],"product_brand":[],"product_cat":[16],"product_tag":[17],"class_list":{"0":"post-3033","1":"product","2":"type-product","3":"status-publish","4":"has-post-thumbnail","6":"product_cat-carpets-rugs","7":"product_tag-area-rugs-woolen-kilim-rugs-home-textile-floor-covering","8":"pa_product-range-wool-kilim-germany-carpets-and-rugs","9":"pa_product-range-wool-rug-germany-carpets-and-rugs","11":"first","12":"instock","13":"sold-individually","14":"shipping-taxable","15":"purchasable","16":"product-type-simple"},"_links":{"self":[{"href":"https:\/\/artlinecreation.com\/germany\/wp-json\/wp\/v2\/product\/3033","targetHints":{"allow":["GET"]}}],"collection":[{"href":"https:\/\/artlinecreation.com\/germany\/wp-json\/wp\/v2\/product"}],"about":[{"href":"https:\/\/artlinecreation.com\/germany\/wp-json\/wp\/v2\/types\/product"}],"replies":[{"embeddable":true,"href":"https:\/\/artlinecreation.com\/germany\/wp-json\/wp\/v2\/comments?post=3033"}],"wp:featuredmedia":[{"embeddable":true,"href":"https:\/\/artlinecreation.com\/germany\/wp-json\/wp\/v2\/media\/3149"}],"wp:attachment":[{"href":"https:\/\/artlinecreation.com\/germany\/wp-json\/wp\/v2\/media?parent=3033"}],"wp:term":[{"taxonomy":"product_brand","embeddable":true,"href":"https:\/\/artlinecreation.com\/germany\/wp-json\/wp\/v2\/product_brand?post=3033"},{"taxonomy":"product_cat","embeddable":true,"href":"https:\/\/artlinecreation.com\/germany\/wp-json\/wp\/v2\/product_cat?post=3033"},{"taxonomy":"product_tag","embeddable":true,"href":"https:\/\/artlinecreation.com\/germany\/wp-json\/wp\/v2\/product_tag?post=3033"}],"curies":[{"name":"wp","href":"https:\/\/api.w.org\/{rel}","templated":true}]}}