{"id":3041,"date":"2024-12-16T19:33:19","date_gmt":"2024-12-16T19:33:19","guid":{"rendered":"https:\/\/artlinecreation.com\/germany\/?post_type=product&#038;p=3041"},"modified":"2024-12-24T19:32:37","modified_gmt":"2024-12-24T19:32:37","slug":"hand-woven-woolen-rug-13","status":"publish","type":"product","link":"https:\/\/artlinecreation.com\/germany\/product\/hand-woven-woolen-rug-13\/","title":{"rendered":"Handgewebter Wollteppich"},"content":{"rendered":"","protected":false},"excerpt":{"rendered":"<p><strong>Der Teppich \u201e\u0938\u092e\u0915\u093e\u0932\u0940\u0928 \u091a\u0930\u0923\u201c (Samkalin Charan)<\/strong> verf\u00fcgt \u00fcber ein modernes Design mit versetzten rechteckigen Mustern in sanften Beige-, Grau- und Taupet\u00f6nen. Die abstrakte Anordnung erzeugt einen dynamischen und dennoch subtilen Look, der sich perfekt dazu eignet, jedem Raum einen Hauch zeitgen\u00f6ssischer Eleganz zu verleihen und sich nahtlos in moderne und minimalistische Innenr\u00e4ume einf\u00fcgt.<\/p>\n","protected":false},"featured_media":3156,"comment_status":"closed","ping_status":"closed","template":"","meta":[],"product_brand":[],"product_cat":[16],"product_tag":[17],"class_list":{"0":"post-3041","1":"product","2":"type-product","3":"status-publish","4":"has-post-thumbnail","6":"product_cat-carpets-rugs","7":"product_tag-area-rugs-woolen-kilim-rugs-home-textile-floor-covering","8":"pa_product-range-wool-kilim-germany-carpets-and-rugs","9":"pa_product-range-wool-rug-germany-carpets-and-rugs","11":"first","12":"instock","13":"sold-individually","14":"shipping-taxable","15":"purchasable","16":"product-type-simple"},"_links":{"self":[{"href":"https:\/\/artlinecreation.com\/germany\/wp-json\/wp\/v2\/product\/3041","targetHints":{"allow":["GET"]}}],"collection":[{"href":"https:\/\/artlinecreation.com\/germany\/wp-json\/wp\/v2\/product"}],"about":[{"href":"https:\/\/artlinecreation.com\/germany\/wp-json\/wp\/v2\/types\/product"}],"replies":[{"embeddable":true,"href":"https:\/\/artlinecreation.com\/germany\/wp-json\/wp\/v2\/comments?post=3041"}],"wp:featuredmedia":[{"embeddable":true,"href":"https:\/\/artlinecreation.com\/germany\/wp-json\/wp\/v2\/media\/3156"}],"wp:attachment":[{"href":"https:\/\/artlinecreation.com\/germany\/wp-json\/wp\/v2\/media?parent=3041"}],"wp:term":[{"taxonomy":"product_brand","embeddable":true,"href":"https:\/\/artlinecreation.com\/germany\/wp-json\/wp\/v2\/product_brand?post=3041"},{"taxonomy":"product_cat","embeddable":true,"href":"https:\/\/artlinecreation.com\/germany\/wp-json\/wp\/v2\/product_cat?post=3041"},{"taxonomy":"product_tag","embeddable":true,"href":"https:\/\/artlinecreation.com\/germany\/wp-json\/wp\/v2\/product_tag?post=3041"}],"curies":[{"name":"wp","href":"https:\/\/api.w.org\/{rel}","templated":true}]}}