{"id":3068,"date":"2024-12-16T19:34:54","date_gmt":"2024-12-16T19:34:54","guid":{"rendered":"https:\/\/artlinecreation.com\/germany\/?post_type=product&#038;p=3068"},"modified":"2024-12-24T19:32:39","modified_gmt":"2024-12-24T19:32:39","slug":"hand-woven-woolen-rug-18","status":"publish","type":"product","link":"https:\/\/artlinecreation.com\/germany\/product\/hand-woven-woolen-rug-18\/","title":{"rendered":"Handgewebter Wollteppich"},"content":{"rendered":"","protected":false},"excerpt":{"rendered":"<p><strong>Der Teppich \u201e\u0927\u0942\u092e\u094d\u0930 \u0924\u0930\u0902\u0917\u201c (Dhoomra Tarang)<\/strong> zeigt ein kr\u00e4ftiges Zickzackmuster in satten Grau-, Anthrazit- und Erdt\u00f6nen. Das dynamische Design erzeugt ein Gef\u00fchl von Bewegung und Tiefe und verleiht jedem Raum eine moderne und kantige Note. Dieser Teppich ist ideal f\u00fcr moderne Wohn- oder Arbeitsbereiche und verleiht Ihrem Zuhause k\u00fcnstlerisches Flair und einen Hauch von Raffinesse.<\/p>\n","protected":false},"featured_media":3184,"comment_status":"closed","ping_status":"closed","template":"","meta":[],"product_brand":[],"product_cat":[16],"product_tag":[17],"class_list":{"0":"post-3068","1":"product","2":"type-product","3":"status-publish","4":"has-post-thumbnail","6":"product_cat-carpets-rugs","7":"product_tag-area-rugs-woolen-kilim-rugs-home-textile-floor-covering","8":"pa_product-range-wool-kilim-germany-carpets-and-rugs","9":"pa_product-range-wool-rug-germany-carpets-and-rugs","11":"first","12":"instock","13":"sold-individually","14":"shipping-taxable","15":"purchasable","16":"product-type-simple"},"_links":{"self":[{"href":"https:\/\/artlinecreation.com\/germany\/wp-json\/wp\/v2\/product\/3068","targetHints":{"allow":["GET"]}}],"collection":[{"href":"https:\/\/artlinecreation.com\/germany\/wp-json\/wp\/v2\/product"}],"about":[{"href":"https:\/\/artlinecreation.com\/germany\/wp-json\/wp\/v2\/types\/product"}],"replies":[{"embeddable":true,"href":"https:\/\/artlinecreation.com\/germany\/wp-json\/wp\/v2\/comments?post=3068"}],"wp:featuredmedia":[{"embeddable":true,"href":"https:\/\/artlinecreation.com\/germany\/wp-json\/wp\/v2\/media\/3184"}],"wp:attachment":[{"href":"https:\/\/artlinecreation.com\/germany\/wp-json\/wp\/v2\/media?parent=3068"}],"wp:term":[{"taxonomy":"product_brand","embeddable":true,"href":"https:\/\/artlinecreation.com\/germany\/wp-json\/wp\/v2\/product_brand?post=3068"},{"taxonomy":"product_cat","embeddable":true,"href":"https:\/\/artlinecreation.com\/germany\/wp-json\/wp\/v2\/product_cat?post=3068"},{"taxonomy":"product_tag","embeddable":true,"href":"https:\/\/artlinecreation.com\/germany\/wp-json\/wp\/v2\/product_tag?post=3068"}],"curies":[{"name":"wp","href":"https:\/\/api.w.org\/{rel}","templated":true}]}}