{"id":3079,"date":"2024-12-16T19:35:35","date_gmt":"2024-12-16T19:35:35","guid":{"rendered":"https:\/\/artlinecreation.com\/germany\/?post_type=product&#038;p=3079"},"modified":"2024-12-24T19:32:39","modified_gmt":"2024-12-24T19:32:39","slug":"hand-woven-woolen-rug-20","status":"publish","type":"product","link":"https:\/\/artlinecreation.com\/germany\/product\/hand-woven-woolen-rug-20\/","title":{"rendered":"Handgewebter Wollteppich"},"content":{"rendered":"","protected":false},"excerpt":{"rendered":"<p><strong>Der Teppich \u201e\u0938\u092e\u092f \u0935\u0943\u0924\u094d\u0924\u201c (Samay Vrit)\u201c ist ein wundersch\u00f6nes Zusammenspiel von Symmetrie und beruhigenden Farben und weist ein einzigartiges, von einer Sanduhr inspiriertes Muster in Blau- und Elfenbeint\u00f6nen auf. Das rhythmische Design erzeugt ein Gef\u00fchl von Bewegung und Gleichgewicht und verleiht jedem Raum einen Hauch moderner Eleganz. Der sanfte Blauverlauf vor einem hellen Hintergrund sorgt f\u00fcr einen ruhigen und erfrischenden Look.<br \/>\nN<\/p>\n<p>Ideal f\u00fcr Wohnzimmer, Arbeitsbereiche oder ruhige R\u00e4ume, \u201e\u0938\u092e\u092f \u0935\u0943\u0924\u094d\u0924\u201c bringt eine beruhigende Atmosph\u00e4re in Ihre Innenr\u00e4ume. Seine weiche Textur und sein modernes Design machen es zu einer vielseitigen Wahl, die sich m\u00fchelos in verschiedene Einrichtungsstile einf\u00fcgt und Ihrem Zuhause einen Hauch von Eleganz und Komfort verleiht.<\/p>\n","protected":false},"featured_media":3192,"comment_status":"closed","ping_status":"closed","template":"","meta":[],"product_brand":[],"product_cat":[16],"product_tag":[17],"class_list":{"0":"post-3079","1":"product","2":"type-product","3":"status-publish","4":"has-post-thumbnail","6":"product_cat-carpets-rugs","7":"product_tag-area-rugs-woolen-kilim-rugs-home-textile-floor-covering","8":"pa_product-range-wool-kilim-germany-carpets-and-rugs","9":"pa_product-range-wool-rug-germany-carpets-and-rugs","11":"first","12":"instock","13":"sold-individually","14":"shipping-taxable","15":"purchasable","16":"product-type-simple"},"_links":{"self":[{"href":"https:\/\/artlinecreation.com\/germany\/wp-json\/wp\/v2\/product\/3079","targetHints":{"allow":["GET"]}}],"collection":[{"href":"https:\/\/artlinecreation.com\/germany\/wp-json\/wp\/v2\/product"}],"about":[{"href":"https:\/\/artlinecreation.com\/germany\/wp-json\/wp\/v2\/types\/product"}],"replies":[{"embeddable":true,"href":"https:\/\/artlinecreation.com\/germany\/wp-json\/wp\/v2\/comments?post=3079"}],"wp:featuredmedia":[{"embeddable":true,"href":"https:\/\/artlinecreation.com\/germany\/wp-json\/wp\/v2\/media\/3192"}],"wp:attachment":[{"href":"https:\/\/artlinecreation.com\/germany\/wp-json\/wp\/v2\/media?parent=3079"}],"wp:term":[{"taxonomy":"product_brand","embeddable":true,"href":"https:\/\/artlinecreation.com\/germany\/wp-json\/wp\/v2\/product_brand?post=3079"},{"taxonomy":"product_cat","embeddable":true,"href":"https:\/\/artlinecreation.com\/germany\/wp-json\/wp\/v2\/product_cat?post=3079"},{"taxonomy":"product_tag","embeddable":true,"href":"https:\/\/artlinecreation.com\/germany\/wp-json\/wp\/v2\/product_tag?post=3079"}],"curies":[{"name":"wp","href":"https:\/\/api.w.org\/{rel}","templated":true}]}}