{"id":53,"date":"2024-12-16T16:59:09","date_gmt":"2024-12-16T16:59:09","guid":{"rendered":"https:\/\/artlinecreation.com\/germany\/?post_type=product&#038;p=53"},"modified":"2024-12-24T19:31:03","modified_gmt":"2024-12-24T19:31:03","slug":"hand-woven-jute-rugs-6","status":"publish","type":"product","link":"https:\/\/artlinecreation.com\/germany\/product\/hand-woven-jute-rugs-6\/","title":{"rendered":"Handgewebte Juteteppiche"},"content":{"rendered":"","protected":false},"excerpt":{"rendered":"<p><strong>Der Teppich \u201e\u0935\u0943\u0924\u094d\u0924\u093e\u0915\u093e\u0930 \u092c\u0902\u0927\u0928\u201c (Vrittaakar Bandhan) verk\u00f6rpert die zeitlose Eleganz geometrischer Muster mit einem modernen Touch. Mit komplizierten Rautenmotiven in weichem Elfenbein vor einem satten, erdigen braunen Hintergrund bietet dieser Teppich ein ausgewogenes Spiel von Hell und Dunkel. Das sich wiederholende Muster verleiht Tiefe und Dimension und schafft ein markantes und dennoch harmonisches Erscheinungsbild, das jeden Innenraum aufwertet. Seine luxuri\u00f6se Textur und sein vielseitiges Design machen ihn zu einer nahtlosen Erg\u00e4nzung sowohl f\u00fcr moderne als auch f\u00fcr klassische Umgebungen und bieten Komfort und Stil bei jedem Schritt.<\/p>\n","protected":false},"featured_media":117,"comment_status":"closed","ping_status":"closed","template":"","meta":[],"product_brand":[],"product_cat":[16],"product_tag":[18],"class_list":{"0":"post-53","1":"product","2":"type-product","3":"status-publish","4":"has-post-thumbnail","6":"product_cat-carpets-rugs","7":"product_tag-area-rugs-jute-rugs-home-textile-floor-covering","8":"pa_product-range-jute-rug-germany-carpets-and-rugs","10":"first","11":"instock","12":"sold-individually","13":"shipping-taxable","14":"purchasable","15":"product-type-simple"},"_links":{"self":[{"href":"https:\/\/artlinecreation.com\/germany\/wp-json\/wp\/v2\/product\/53","targetHints":{"allow":["GET"]}}],"collection":[{"href":"https:\/\/artlinecreation.com\/germany\/wp-json\/wp\/v2\/product"}],"about":[{"href":"https:\/\/artlinecreation.com\/germany\/wp-json\/wp\/v2\/types\/product"}],"replies":[{"embeddable":true,"href":"https:\/\/artlinecreation.com\/germany\/wp-json\/wp\/v2\/comments?post=53"}],"wp:featuredmedia":[{"embeddable":true,"href":"https:\/\/artlinecreation.com\/germany\/wp-json\/wp\/v2\/media\/117"}],"wp:attachment":[{"href":"https:\/\/artlinecreation.com\/germany\/wp-json\/wp\/v2\/media?parent=53"}],"wp:term":[{"taxonomy":"product_brand","embeddable":true,"href":"https:\/\/artlinecreation.com\/germany\/wp-json\/wp\/v2\/product_brand?post=53"},{"taxonomy":"product_cat","embeddable":true,"href":"https:\/\/artlinecreation.com\/germany\/wp-json\/wp\/v2\/product_cat?post=53"},{"taxonomy":"product_tag","embeddable":true,"href":"https:\/\/artlinecreation.com\/germany\/wp-json\/wp\/v2\/product_tag?post=53"}],"curies":[{"name":"wp","href":"https:\/\/api.w.org\/{rel}","templated":true}]}}