{"id":69,"date":"2024-12-16T16:59:09","date_gmt":"2024-12-16T16:59:09","guid":{"rendered":"https:\/\/artlinecreation.com\/germany\/?post_type=product&#038;p=69"},"modified":"2024-12-24T19:31:05","modified_gmt":"2024-12-24T19:31:05","slug":"hand-woven-jute-rugs-22","status":"publish","type":"product","link":"https:\/\/artlinecreation.com\/germany\/product\/hand-woven-jute-rugs-22\/","title":{"rendered":"Handgewebte Juteteppiche"},"content":{"rendered":"","protected":false},"excerpt":{"rendered":"<p>Der Teppich \u201e\u0905\u0936\u094d\u0935\u0915\u0942\u091f\u201c (Ashvakoot) zeigt ein unverwechselbares, von St\u00e4mmen inspiriertes Design mit geometrischen Motiven, die in einem rhythmischen Muster aus tiefen Graut\u00f6nen und ged\u00e4mpften Beiget\u00f6nen angeordnet sind. Die sich wiederholenden Rauten- und Kreuzformen vermitteln ein Gef\u00fchl von kulturellem Reichtum und Tiefe und machen es zur idealen Wahl f\u00fcr R\u00e4ume, die einen Hauch rustikaler Eleganz suchen. Seine erdige Farbpalette und sein aufwendiges Design verleihen Wohn- oder Arbeitsbereichen Charakter und f\u00fcgen sich nahtlos in moderne und traditionelle Einrichtung ein.<\/p>\n","protected":false},"featured_media":198,"comment_status":"closed","ping_status":"closed","template":"","meta":[],"product_brand":[],"product_cat":[16],"product_tag":[18],"class_list":{"0":"post-69","1":"product","2":"type-product","3":"status-publish","4":"has-post-thumbnail","6":"product_cat-carpets-rugs","7":"product_tag-area-rugs-jute-rugs-home-textile-floor-covering","8":"pa_product-range-jute-kilim-rug-germany-carpets-and-rugs","9":"pa_product-range-jute-rug-germany-carpets-and-rugs","11":"first","12":"instock","13":"sold-individually","14":"shipping-taxable","15":"purchasable","16":"product-type-simple"},"_links":{"self":[{"href":"https:\/\/artlinecreation.com\/germany\/wp-json\/wp\/v2\/product\/69","targetHints":{"allow":["GET"]}}],"collection":[{"href":"https:\/\/artlinecreation.com\/germany\/wp-json\/wp\/v2\/product"}],"about":[{"href":"https:\/\/artlinecreation.com\/germany\/wp-json\/wp\/v2\/types\/product"}],"replies":[{"embeddable":true,"href":"https:\/\/artlinecreation.com\/germany\/wp-json\/wp\/v2\/comments?post=69"}],"wp:featuredmedia":[{"embeddable":true,"href":"https:\/\/artlinecreation.com\/germany\/wp-json\/wp\/v2\/media\/198"}],"wp:attachment":[{"href":"https:\/\/artlinecreation.com\/germany\/wp-json\/wp\/v2\/media?parent=69"}],"wp:term":[{"taxonomy":"product_brand","embeddable":true,"href":"https:\/\/artlinecreation.com\/germany\/wp-json\/wp\/v2\/product_brand?post=69"},{"taxonomy":"product_cat","embeddable":true,"href":"https:\/\/artlinecreation.com\/germany\/wp-json\/wp\/v2\/product_cat?post=69"},{"taxonomy":"product_tag","embeddable":true,"href":"https:\/\/artlinecreation.com\/germany\/wp-json\/wp\/v2\/product_tag?post=69"}],"curies":[{"name":"wp","href":"https:\/\/api.w.org\/{rel}","templated":true}]}}