{"id":82,"date":"2024-12-16T16:59:46","date_gmt":"2024-12-16T16:59:46","guid":{"rendered":"https:\/\/artlinecreation.com\/germany\/?post_type=product&#038;p=82"},"modified":"2024-12-24T19:31:06","modified_gmt":"2024-12-24T19:31:06","slug":"hand-woven-jute-rugs-27","status":"publish","type":"product","link":"https:\/\/artlinecreation.com\/germany\/product\/hand-woven-jute-rugs-27\/","title":{"rendered":"Handgewebte Juteteppiche"},"content":{"rendered":"","protected":false},"excerpt":{"rendered":"<p><strong>Der Teppich \u201e\u0906\u0915\u0930\u094d\u0937\u0915 \u091a\u094c\u092a\u093e\u0932\u201c (Aakarshak Choupal)<\/strong> pr\u00e4sentiert ein zeitloses Rautenkaromuster in einer raffinierten Palette aus warmem Beige, erdigem Taupe und tiefem Anthrazit. Die harmonische Mischung dieser neutralen Farbt\u00f6ne sorgt f\u00fcr ein ausgewogenes und ansprechendes Erscheinungsbild und macht es zur perfekten Erg\u00e4nzung f\u00fcr jeden Raum, der einen Hauch klassischer Eleganz sucht Konzipiert, dass es sowohl traditionelle als auch moderne Dekorationen erg\u00e4nzt. Seine weiche Textur und das sorgf\u00e4ltig ausgearbeitete Muster vermitteln ein Gef\u00fchl von W\u00e4rme und Komfort und verwandeln jeden Raum mit seinem dezenten, aber raffinierten Charme in einen einladenden R\u00fcckzugsort.<\/p>\n","protected":false},"featured_media":224,"comment_status":"closed","ping_status":"closed","template":"","meta":[],"product_brand":[],"product_cat":[16],"product_tag":[18],"class_list":{"0":"post-82","1":"product","2":"type-product","3":"status-publish","4":"has-post-thumbnail","6":"product_cat-carpets-rugs","7":"product_tag-area-rugs-jute-rugs-home-textile-floor-covering","8":"pa_product-range-jute-rug-germany-carpets-and-rugs","10":"first","11":"instock","12":"sold-individually","13":"shipping-taxable","14":"purchasable","15":"product-type-simple"},"_links":{"self":[{"href":"https:\/\/artlinecreation.com\/germany\/wp-json\/wp\/v2\/product\/82","targetHints":{"allow":["GET"]}}],"collection":[{"href":"https:\/\/artlinecreation.com\/germany\/wp-json\/wp\/v2\/product"}],"about":[{"href":"https:\/\/artlinecreation.com\/germany\/wp-json\/wp\/v2\/types\/product"}],"replies":[{"embeddable":true,"href":"https:\/\/artlinecreation.com\/germany\/wp-json\/wp\/v2\/comments?post=82"}],"wp:featuredmedia":[{"embeddable":true,"href":"https:\/\/artlinecreation.com\/germany\/wp-json\/wp\/v2\/media\/224"}],"wp:attachment":[{"href":"https:\/\/artlinecreation.com\/germany\/wp-json\/wp\/v2\/media?parent=82"}],"wp:term":[{"taxonomy":"product_brand","embeddable":true,"href":"https:\/\/artlinecreation.com\/germany\/wp-json\/wp\/v2\/product_brand?post=82"},{"taxonomy":"product_cat","embeddable":true,"href":"https:\/\/artlinecreation.com\/germany\/wp-json\/wp\/v2\/product_cat?post=82"},{"taxonomy":"product_tag","embeddable":true,"href":"https:\/\/artlinecreation.com\/germany\/wp-json\/wp\/v2\/product_tag?post=82"}],"curies":[{"name":"wp","href":"https:\/\/api.w.org\/{rel}","templated":true}]}}